{"id":4924,"date":"2019-08-06T11:08:04","date_gmt":"2019-08-06T09:08:04","guid":{"rendered":"https:\/\/www.strom-larsen.no\/?page_id=4924"},"modified":"2024-10-21T10:16:19","modified_gmt":"2024-10-21T08:16:19","slug":"vilt","status":"publish","type":"page","link":"https:\/\/strom-larsen.no\/engros\/vareutvalg\/vilt\/","title":{"rendered":"Vilt"},"content":{"rendered":"\t\t<div data-elementor-type=\"wp-page\" data-elementor-id=\"4924\" class=\"elementor elementor-4924\" data-elementor-post-type=\"page\">\n\t\t\t\t\t\t<section class=\"elementor-section elementor-top-section elementor-element elementor-element-f7cd62f elementor-section-boxed elementor-section-height-default elementor-section-height-default\" data-id=\"f7cd62f\" data-element_type=\"section\" data-e-type=\"section\">\n\t\t\t\t\t\t<div class=\"elementor-container elementor-column-gap-default\">\n\t\t\t\t\t<div class=\"elementor-column elementor-col-100 elementor-top-column elementor-element elementor-element-11077ec\" data-id=\"11077ec\" data-element_type=\"column\" data-e-type=\"column\">\n\t\t\t<div class=\"elementor-widget-wrap elementor-element-populated\">\n\t\t\t\t\t\t<div class=\"elementor-element elementor-element-9d274dd elementor-widget elementor-widget-gallery\" data-id=\"9d274dd\" data-element_type=\"widget\" data-e-type=\"widget\" data-settings=\"{&quot;lazyload&quot;:&quot;yes&quot;,&quot;gallery_layout&quot;:&quot;grid&quot;,&quot;columns&quot;:4,&quot;columns_tablet&quot;:2,&quot;columns_mobile&quot;:1,&quot;gap&quot;:{&quot;unit&quot;:&quot;px&quot;,&quot;size&quot;:10,&quot;sizes&quot;:[]},&quot;gap_tablet&quot;:{&quot;unit&quot;:&quot;px&quot;,&quot;size&quot;:10,&quot;sizes&quot;:[]},&quot;gap_mobile&quot;:{&quot;unit&quot;:&quot;px&quot;,&quot;size&quot;:10,&quot;sizes&quot;:[]},&quot;link_to&quot;:&quot;file&quot;,&quot;aspect_ratio&quot;:&quot;3:2&quot;,&quot;overlay_background&quot;:&quot;yes&quot;,&quot;content_hover_animation&quot;:&quot;fade-in&quot;}\" data-widget_type=\"gallery.default\">\n\t\t\t\t<div class=\"elementor-widget-container\">\n\t\t\t\t\t\t\t<div class=\"elementor-gallery__container\">\n\t\t\t\t\t\t\t<a class=\"e-gallery-item elementor-gallery-item elementor-animated-content\" href=\"https:\/\/strom-larsen.no\/engros\/wp-content\/uploads\/19071-1-scaled.jpg\" data-elementor-open-lightbox=\"yes\" data-elementor-lightbox-slideshow=\"9d274dd\" data-elementor-lightbox-title=\"19071\" data-e-action-hash=\"#elementor-action%3Aaction%3Dlightbox%26settings%3DeyJpZCI6MTYxMjAsInVybCI6Imh0dHBzOlwvXC9zdHJvbS1sYXJzZW4ubm9cL2VuZ3Jvc1wvd3AtY29udGVudFwvdXBsb2Fkc1wvMTkwNzEtMS1zY2FsZWQuanBnIiwic2xpZGVzaG93IjoiOWQyNzRkZCJ9\">\n\t\t\t\t\t<div class=\"e-gallery-image elementor-gallery-item__image\" data-thumbnail=\"https:\/\/strom-larsen.no\/engros\/wp-content\/uploads\/19071-1-300x185.jpg\" data-width=\"300\" data-height=\"185\" aria-label=\"\" role=\"img\" ><\/div>\n\t\t\t\t\t\t\t\t\t\t\t<div class=\"elementor-gallery-item__overlay\"><\/div>\n\t\t\t\t\t\t\t\t\t\t\t\t\t\t<\/a>\n\t\t\t\t\t\t\t<a class=\"e-gallery-item elementor-gallery-item elementor-animated-content\" href=\"https:\/\/strom-larsen.no\/engros\/wp-content\/uploads\/18063-1-scaled.jpg\" data-elementor-open-lightbox=\"yes\" data-elementor-lightbox-slideshow=\"9d274dd\" data-elementor-lightbox-title=\"18063\" data-e-action-hash=\"#elementor-action%3Aaction%3Dlightbox%26settings%3DeyJpZCI6MTYxMjMsInVybCI6Imh0dHBzOlwvXC9zdHJvbS1sYXJzZW4ubm9cL2VuZ3Jvc1wvd3AtY29udGVudFwvdXBsb2Fkc1wvMTgwNjMtMS1zY2FsZWQuanBnIiwic2xpZGVzaG93IjoiOWQyNzRkZCJ9\">\n\t\t\t\t\t<div class=\"e-gallery-image elementor-gallery-item__image\" data-thumbnail=\"https:\/\/strom-larsen.no\/engros\/wp-content\/uploads\/18063-1-300x187.jpg\" data-width=\"300\" data-height=\"187\" aria-label=\"\" role=\"img\" ><\/div>\n\t\t\t\t\t\t\t\t\t\t\t<div class=\"elementor-gallery-item__overlay\"><\/div>\n\t\t\t\t\t\t\t\t\t\t\t\t\t\t<\/a>\n\t\t\t\t\t\t\t<a class=\"e-gallery-item elementor-gallery-item elementor-animated-content\" href=\"https:\/\/strom-larsen.no\/engros\/wp-content\/uploads\/18021-2-scaled.jpg\" data-elementor-open-lightbox=\"yes\" data-elementor-lightbox-slideshow=\"9d274dd\" data-elementor-lightbox-title=\"18021\" data-e-action-hash=\"#elementor-action%3Aaction%3Dlightbox%26settings%3DeyJpZCI6MTYxMjQsInVybCI6Imh0dHBzOlwvXC9zdHJvbS1sYXJzZW4ubm9cL2VuZ3Jvc1wvd3AtY29udGVudFwvdXBsb2Fkc1wvMTgwMjEtMi1zY2FsZWQuanBnIiwic2xpZGVzaG93IjoiOWQyNzRkZCJ9\">\n\t\t\t\t\t<div class=\"e-gallery-image elementor-gallery-item__image\" data-thumbnail=\"https:\/\/strom-larsen.no\/engros\/wp-content\/uploads\/18021-2-300x193.jpg\" data-width=\"300\" data-height=\"193\" aria-label=\"\" role=\"img\" ><\/div>\n\t\t\t\t\t\t\t\t\t\t\t<div class=\"elementor-gallery-item__overlay\"><\/div>\n\t\t\t\t\t\t\t\t\t\t\t\t\t\t<\/a>\n\t\t\t\t\t\t\t<a class=\"e-gallery-item elementor-gallery-item elementor-animated-content\" href=\"https:\/\/strom-larsen.no\/engros\/wp-content\/uploads\/20082-scaled.jpg\" data-elementor-open-lightbox=\"yes\" data-elementor-lightbox-slideshow=\"9d274dd\" data-elementor-lightbox-title=\"20082\" data-e-action-hash=\"#elementor-action%3Aaction%3Dlightbox%26settings%3DeyJpZCI6MTYxMjcsInVybCI6Imh0dHBzOlwvXC9zdHJvbS1sYXJzZW4ubm9cL2VuZ3Jvc1wvd3AtY29udGVudFwvdXBsb2Fkc1wvMjAwODItc2NhbGVkLmpwZyIsInNsaWRlc2hvdyI6IjlkMjc0ZGQifQ%3D%3D\">\n\t\t\t\t\t<div class=\"e-gallery-image elementor-gallery-item__image\" data-thumbnail=\"https:\/\/strom-larsen.no\/engros\/wp-content\/uploads\/20082-300x200.jpg\" data-width=\"300\" data-height=\"200\" aria-label=\"\" role=\"img\" ><\/div>\n\t\t\t\t\t\t\t\t\t\t\t<div class=\"elementor-gallery-item__overlay\"><\/div>\n\t\t\t\t\t\t\t\t\t\t\t\t\t\t<\/a>\n\t\t\t\t\t<\/div>\n\t\t\t\t\t<\/div>\n\t\t\t\t<\/div>\n\t\t\t\t\t<\/div>\n\t\t<\/div>\n\t\t\t\t\t<\/div>\n\t\t<\/section>\n\t\t\t\t<section class=\"elementor-section elementor-top-section elementor-element elementor-element-60d8831 elementor-section-boxed elementor-section-height-default elementor-section-height-default\" data-id=\"60d8831\" data-element_type=\"section\" data-e-type=\"section\">\n\t\t\t\t\t\t<div class=\"elementor-container elementor-column-gap-default\">\n\t\t\t\t\t<div class=\"elementor-column elementor-col-100 elementor-top-column elementor-element elementor-element-1a095c6\" data-id=\"1a095c6\" data-element_type=\"column\" data-e-type=\"column\">\n\t\t\t<div class=\"elementor-widget-wrap elementor-element-populated\">\n\t\t\t\t\t\t<div class=\"elementor-element elementor-element-7d07aff elementor-widget elementor-widget-heading\" data-id=\"7d07aff\" data-element_type=\"widget\" data-e-type=\"widget\" data-widget_type=\"heading.default\">\n\t\t\t\t<div class=\"elementor-widget-container\">\n\t\t\t\t\t<h2 class=\"elementor-heading-title elementor-size-default\">Vilt<\/h2>\t\t\t\t<\/div>\n\t\t\t\t<\/div>\n\t\t\t\t\t<\/div>\n\t\t<\/div>\n\t\t\t\t\t<\/div>\n\t\t<\/section>\n\t\t\t\t<section class=\"elementor-section elementor-top-section elementor-element elementor-element-78ca4ef elementor-section-boxed elementor-section-height-default elementor-section-height-default\" data-id=\"78ca4ef\" data-element_type=\"section\" data-e-type=\"section\">\n\t\t\t\t\t\t<div class=\"elementor-container elementor-column-gap-default\">\n\t\t\t\t\t<div class=\"elementor-column elementor-col-33 elementor-top-column elementor-element elementor-element-1fde9e1\" data-id=\"1fde9e1\" data-element_type=\"column\" data-e-type=\"column\">\n\t\t\t<div class=\"elementor-widget-wrap elementor-element-populated\">\n\t\t\t\t\t\t<div class=\"elementor-element elementor-element-63868a0 elementor-widget elementor-widget-text-editor\" data-id=\"63868a0\" data-element_type=\"widget\" data-e-type=\"widget\" data-widget_type=\"text-editor.default\">\n\t\t\t\t<div class=\"elementor-widget-container\">\n\t\t\t\t\t\t\t\t\t<p style=\"text-align: center\"><b>Elg<br \/><\/b><br \/>Flatbiff, fryst (ca 6kg pr krt)\u00a0<br \/>Ytrefilet, fryst (ca.15 kg pr krt)<br \/>Produksjonskj\u00f8tt<br \/>Indrefilet, fryst (ca 6 kg pr krt)<br \/>Stek surret, fryst<br \/>M\u00f8rbrad<br \/>Grytekj\u00f8tt (5 kg pr pk)<br \/>Karbonadedeig av Elg, fryst (1 kg pr pk)<\/p>\t\t\t\t\t\t\t\t<\/div>\n\t\t\t\t<\/div>\n\t\t\t\t\t<\/div>\n\t\t<\/div>\n\t\t\t\t<div class=\"elementor-column elementor-col-33 elementor-top-column elementor-element elementor-element-0f7265e\" data-id=\"0f7265e\" data-element_type=\"column\" data-e-type=\"column\">\n\t\t\t<div class=\"elementor-widget-wrap elementor-element-populated\">\n\t\t\t\t\t\t<div class=\"elementor-element elementor-element-fbe23c6 elementor-widget elementor-widget-text-editor\" data-id=\"fbe23c6\" data-element_type=\"widget\" data-e-type=\"widget\" data-widget_type=\"text-editor.default\">\n\t\t\t\t<div class=\"elementor-widget-container\">\n\t\t\t\t\t\t\t\t\t<p style=\"text-align: center\"><b>Reinsdyr<br \/><\/b><br \/>Flatbiff (7-8 kg pr krt)<br \/>Ytrefilet, fersk<br \/>Ytrefilet, fryst (ca. 7 kg pr krt)<br \/>Indrefilet, fryst (ca 6kg pr krt)<br \/>Stek surret, fryst (ca.6 kg pr krt)<br \/>Skank, 3-400 g pr stk<br \/>Grytekj\u00f8tt, 5 kg pr krt<br \/>Skav, 5 kg pr eske<br \/>Karbonader 100 g fryst, 5 kg pr kartong<br \/>Hjerter, fryst<\/p>\t\t\t\t\t\t\t\t<\/div>\n\t\t\t\t<\/div>\n\t\t\t\t\t<\/div>\n\t\t<\/div>\n\t\t\t\t<div class=\"elementor-column elementor-col-33 elementor-top-column elementor-element elementor-element-c2d3156\" data-id=\"c2d3156\" data-element_type=\"column\" data-e-type=\"column\">\n\t\t\t<div class=\"elementor-widget-wrap elementor-element-populated\">\n\t\t\t\t\t\t<div class=\"elementor-element elementor-element-3ab242e elementor-widget elementor-widget-text-editor\" data-id=\"3ab242e\" data-element_type=\"widget\" data-e-type=\"widget\" data-widget_type=\"text-editor.default\">\n\t\t\t\t<div class=\"elementor-widget-container\">\n\t\t\t\t\t\t\t\t\t<p style=\"text-align: center\"><strong>Hjort<\/strong><\/p><p style=\"text-align: center\">Flatbiff D\u00e5hjort import fryst(10 kg pr krt)<br \/>Flatbiff, New Zealand, fryst (ca 10 kg pr krt)<br \/>M\u00f8rbrad imp. NEw Zealand, fryst (ca 10 kg pr krt)<br \/>Ytrefilet D\u00e5hjort import fryst (ca. 10 kg pr krt)<br \/>Ytrefilet New Zealand fryst (ca 10 kg pr krt)<br \/>Ytrefilet uten sene, New Zealand, fryst (10kg pr krt)<br \/>Indrefilet d\u00e5rhjort imp. fryst (ca.7-8 kg pr krt)<br \/>Indrefilet New Zealand, fryst (10-12 kg pr krt)<br \/>Grytekj\u00f8tt import fryst (ca 10 kg pr krt)<br \/>Carre, d\u00e5hjort fryst, New Zealand<br \/>Karbonadedeig av hjort<\/p>\t\t\t\t\t\t\t\t<\/div>\n\t\t\t\t<\/div>\n\t\t\t\t\t<\/div>\n\t\t<\/div>\n\t\t\t\t\t<\/div>\n\t\t<\/section>\n\t\t\t\t<section class=\"elementor-section elementor-top-section elementor-element elementor-element-8122b54 elementor-section-boxed elementor-section-height-default elementor-section-height-default\" data-id=\"8122b54\" data-element_type=\"section\" data-e-type=\"section\">\n\t\t\t\t\t\t<div class=\"elementor-container elementor-column-gap-default\">\n\t\t\t\t\t<div class=\"elementor-column elementor-col-100 elementor-top-column elementor-element elementor-element-7d22a4a\" data-id=\"7d22a4a\" data-element_type=\"column\" data-e-type=\"column\">\n\t\t\t<div class=\"elementor-widget-wrap elementor-element-populated\">\n\t\t\t\t\t\t<div class=\"elementor-element elementor-element-ffc39ad elementor-widget elementor-widget-text-editor\" data-id=\"ffc39ad\" data-element_type=\"widget\" data-e-type=\"widget\" data-widget_type=\"text-editor.default\">\n\t\t\t\t<div class=\"elementor-widget-container\">\n\t\t\t\t\t\t\t\t\t<p style=\"text-align: center\"><b>Diverse<\/b><br \/>Vilt kraftbein<br \/>Villsvin sm\u00e5gris 17-23 kg fryst (slovenia)<br \/>Villsvin nakke u\/ben imp-fryst<br \/><span style=\"font-family: inherit;font-size: inherit;font-style: inherit;font-weight: inherit;background-color: var(--has-background, var(--theme-palette-color-8));color: var(--theme-text-color);letter-spacing: var(--theme-letter-spacing);text-transform: var(--theme-text-transform)\">Villsvin ytrefilet, import<\/span><\/p>\t\t\t\t\t\t\t\t<\/div>\n\t\t\t\t<\/div>\n\t\t\t\t\t<\/div>\n\t\t<\/div>\n\t\t\t\t\t<\/div>\n\t\t<\/section>\n\t\t\t\t<\/div>\n\t\t","protected":false},"excerpt":{"rendered":"<p>Vilt ElgFlatbiff, fryst (ca 6kg pr krt)\u00a0Ytrefilet, fryst (ca.15 kg pr krt)Produksjonskj\u00f8ttIndrefilet, fryst (ca 6 kg pr krt)Stek surret, frystM\u00f8rbradGrytekj\u00f8tt (5 kg pr pk)Karbonadedeig av Elg, fryst (1 kg pr pk) ReinsdyrFlatbiff (7-8 kg pr krt)Ytrefilet, ferskYtrefilet, fryst (ca. 7 kg pr krt)Indrefilet, fryst (ca 6kg pr krt)Stek surret, fryst (ca.6 kg pr krt)Skank, 3-400 [&hellip;]<\/p>\n","protected":false},"author":1,"featured_media":0,"parent":3615,"menu_order":0,"comment_status":"closed","ping_status":"closed","template":"","meta":{"footnotes":""},"class_list":["post-4924","page","type-page","status-publish","hentry"],"blocksy_meta":{"styles_descriptor":{"styles":{"desktop":"","tablet":"","mobile":""},"google_fonts":[],"version":6}},"_links":{"self":[{"href":"https:\/\/strom-larsen.no\/engros\/wp-json\/wp\/v2\/pages\/4924","targetHints":{"allow":["GET"]}}],"collection":[{"href":"https:\/\/strom-larsen.no\/engros\/wp-json\/wp\/v2\/pages"}],"about":[{"href":"https:\/\/strom-larsen.no\/engros\/wp-json\/wp\/v2\/types\/page"}],"author":[{"embeddable":true,"href":"https:\/\/strom-larsen.no\/engros\/wp-json\/wp\/v2\/users\/1"}],"replies":[{"embeddable":true,"href":"https:\/\/strom-larsen.no\/engros\/wp-json\/wp\/v2\/comments?post=4924"}],"version-history":[{"count":7,"href":"https:\/\/strom-larsen.no\/engros\/wp-json\/wp\/v2\/pages\/4924\/revisions"}],"predecessor-version":[{"id":16130,"href":"https:\/\/strom-larsen.no\/engros\/wp-json\/wp\/v2\/pages\/4924\/revisions\/16130"}],"up":[{"embeddable":true,"href":"https:\/\/strom-larsen.no\/engros\/wp-json\/wp\/v2\/pages\/3615"}],"wp:attachment":[{"href":"https:\/\/strom-larsen.no\/engros\/wp-json\/wp\/v2\/media?parent=4924"}],"curies":[{"name":"wp","href":"https:\/\/api.w.org\/{rel}","templated":true}]}}