{"id":3289,"date":"2019-04-01T11:18:08","date_gmt":"2019-04-01T09:18:08","guid":{"rendered":"https:\/\/www.strom-larsen.no\/?page_id=3289"},"modified":"2025-07-29T08:55:02","modified_gmt":"2025-07-29T06:55:02","slug":"nyttig-info","status":"publish","type":"page","link":"https:\/\/strom-larsen.no\/engros\/nyttig-info\/","title":{"rendered":"Nyttig info"},"content":{"rendered":"\t\t<div data-elementor-type=\"wp-page\" data-elementor-id=\"3289\" class=\"elementor elementor-3289\" data-elementor-post-type=\"page\">\n\t\t\t\t\t\t<section class=\"elementor-section elementor-top-section elementor-element elementor-element-9ed2e0d elementor-section-boxed elementor-section-height-default elementor-section-height-default\" data-id=\"9ed2e0d\" data-element_type=\"section\" data-e-type=\"section\">\n\t\t\t\t\t\t<div class=\"elementor-container elementor-column-gap-default\">\n\t\t\t\t\t<div class=\"elementor-column elementor-col-50 elementor-top-column elementor-element elementor-element-3009ff5\" data-id=\"3009ff5\" data-element_type=\"column\" data-e-type=\"column\">\n\t\t\t<div class=\"elementor-widget-wrap elementor-element-populated\">\n\t\t\t\t\t\t<div class=\"elementor-element elementor-element-d3e3481 elementor-widget elementor-widget-heading\" data-id=\"d3e3481\" data-element_type=\"widget\" data-e-type=\"widget\" data-widget_type=\"heading.default\">\n\t\t\t\t<div class=\"elementor-widget-container\">\n\t\t\t\t\t<h2 class=\"elementor-heading-title elementor-size-default\">\u00c5pningertider:<\/h2>\t\t\t\t<\/div>\n\t\t\t\t<\/div>\n\t\t\t\t<div class=\"elementor-element elementor-element-afdcd9f elementor-widget elementor-widget-text-editor\" data-id=\"afdcd9f\" data-element_type=\"widget\" data-e-type=\"widget\" data-widget_type=\"text-editor.default\">\n\t\t\t\t<div class=\"elementor-widget-container\">\n\t\t\t\t\t\t\t\t\t<p><br \/>\u00c5pningstider mandag til torsdag 0600-1600<br \/>\u00a0 \u00a0 \u00a0 \u00a0 \u00a0 \u00a0 \u00a0 \u00a0 \u00a0 \u00a0 \u00a0 \u00a0 \u00a0 \u00a0 \u00a0 \u00a0 \u00a0 \u00a0 \u00a0 \u00a0 \u00a0fredag 0600-1500<br \/>\u00a0 \u00a0 \u00a0 \u00a0 \u00a0 \u00a0 \u00a0 \u00a0 \u00a0 \u00a0 \u00a0 \u00a0 \u00a0 \u00a0 \u00a0 \u00a0 \u00a0 \u00a0 \u00a0 \u00a0 \u00a0l\u00f8rdag 0600-1400<\/p>\t\t\t\t\t\t\t\t<\/div>\n\t\t\t\t<\/div>\n\t\t\t\t\t<\/div>\n\t\t<\/div>\n\t\t\t\t<div class=\"elementor-column elementor-col-50 elementor-top-column elementor-element elementor-element-0fc3192\" data-id=\"0fc3192\" data-element_type=\"column\" data-e-type=\"column\">\n\t\t\t<div class=\"elementor-widget-wrap elementor-element-populated\">\n\t\t\t\t\t\t<div class=\"elementor-element elementor-element-f61597c elementor-widget elementor-widget-heading\" data-id=\"f61597c\" data-element_type=\"widget\" data-e-type=\"widget\" data-widget_type=\"heading.default\">\n\t\t\t\t<div class=\"elementor-widget-container\">\n\t\t\t\t\t<h2 class=\"elementor-heading-title elementor-size-default\">Kontaktinformasjon<\/h2>\t\t\t\t<\/div>\n\t\t\t\t<\/div>\n\t\t\t\t<div class=\"elementor-element elementor-element-7043c81 elementor-widget elementor-widget-text-editor\" data-id=\"7043c81\" data-element_type=\"widget\" data-e-type=\"widget\" data-widget_type=\"text-editor.default\">\n\t\t\t\t<div class=\"elementor-widget-container\">\n\t\t\t\t\t\t\t\t\t<p><strong>Bestilling p\u00e5 nett : www.strom-larsen.no<\/strong><br \/>Mail: salg@strom-larsen.no<br \/>TLF: 22093181<br \/>Adresse: Professor Birkelandsvei 28C, Oslo<\/p>\t\t\t\t\t\t\t\t<\/div>\n\t\t\t\t<\/div>\n\t\t\t\t\t<\/div>\n\t\t<\/div>\n\t\t\t\t\t<\/div>\n\t\t<\/section>\n\t\t\t\t<section class=\"elementor-section elementor-top-section elementor-element elementor-element-17c4afc elementor-section-boxed elementor-section-height-default elementor-section-height-default\" data-id=\"17c4afc\" data-element_type=\"section\" data-e-type=\"section\">\n\t\t\t\t\t\t<div class=\"elementor-container elementor-column-gap-default\">\n\t\t\t\t\t<div class=\"elementor-column elementor-col-50 elementor-top-column elementor-element elementor-element-a366158\" data-id=\"a366158\" data-element_type=\"column\" data-e-type=\"column\">\n\t\t\t<div class=\"elementor-widget-wrap elementor-element-populated\">\n\t\t\t\t\t\t<div class=\"elementor-element elementor-element-9519774 elementor-widget elementor-widget-heading\" data-id=\"9519774\" data-element_type=\"widget\" data-e-type=\"widget\" data-widget_type=\"heading.default\">\n\t\t\t\t<div class=\"elementor-widget-container\">\n\t\t\t\t\t<h2 class=\"elementor-heading-title elementor-size-default\">Underskrift<\/h2>\t\t\t\t<\/div>\n\t\t\t\t<\/div>\n\t\t\t\t<div class=\"elementor-element elementor-element-dca2d20 elementor-widget elementor-widget-text-editor\" data-id=\"dca2d20\" data-element_type=\"widget\" data-e-type=\"widget\" data-widget_type=\"text-editor.default\">\n\t\t\t\t<div class=\"elementor-widget-container\">\n\t\t\t\t\t\t\t\t\t<p>N\u00e5r dere mottar levering fra oss skriver dere under p\u00e5 mottak og godkjenner at dere har sett gjennom varene.&nbsp; Vi kan forst\u00e5 at det er vanskelig \u00e5 oppdage ting under leveringen og at oppdagelser kan komme n\u00e5r produktet skal brukes.&nbsp; Vi bytter gjerne og l\u00f8ser opp i problemet, men viktig at det blir gjort s\u00e5 fort som mulig.<span style=\"font-family: inherit;font-size: inherit;font-style: inherit;font-weight: inherit\">&nbsp;Det hjelper v\u00e5re ansatte og sikrer dere at varer kan returneres.&nbsp;<\/span><\/p>\t\t\t\t\t\t\t\t<\/div>\n\t\t\t\t<\/div>\n\t\t\t\t\t<\/div>\n\t\t<\/div>\n\t\t\t\t<div class=\"elementor-column elementor-col-50 elementor-top-column elementor-element elementor-element-bfe6a41\" data-id=\"bfe6a41\" data-element_type=\"column\" data-e-type=\"column\">\n\t\t\t<div class=\"elementor-widget-wrap elementor-element-populated\">\n\t\t\t\t\t\t<div class=\"elementor-element elementor-element-cd2e7e7 elementor-widget elementor-widget-heading\" data-id=\"cd2e7e7\" data-element_type=\"widget\" data-e-type=\"widget\" data-widget_type=\"heading.default\">\n\t\t\t\t<div class=\"elementor-widget-container\">\n\t\t\t\t\t<h2 class=\"elementor-heading-title elementor-size-default\">Retur og kredit<br><\/h2>\t\t\t\t<\/div>\n\t\t\t\t<\/div>\n\t\t\t\t<div class=\"elementor-element elementor-element-e8b6061 elementor-widget elementor-widget-text-editor\" data-id=\"e8b6061\" data-element_type=\"widget\" data-e-type=\"widget\" data-widget_type=\"text-editor.default\">\n\t\t\t\t<div class=\"elementor-widget-container\">\n\t\t\t\t\t\t\t\t\t<p><span style=\"font-family: inherit;font-size: inherit;font-style: inherit;font-weight: inherit\">Skulle det v\u00e6re noe feil p\u00e5 varen som vi har levert er det\nviktig at den spares og vi f\u00e5r den i retur. Det gir oss en mulighet til \u00e5 finne\nfeil og forbedre oss<\/span><\/p><p>Ring eller send mail, s\u00e5 ordner vi med nye varer s\u00e5 fort det\nlar seg gj\u00f8re<\/p><p>\n\n\n\n\n\n<\/p><p>Feilbestillinger vil belastes med fraktkostnad<\/p>\n<p><\/p>\t\t\t\t\t\t\t\t<\/div>\n\t\t\t\t<\/div>\n\t\t\t\t\t<\/div>\n\t\t<\/div>\n\t\t\t\t\t<\/div>\n\t\t<\/section>\n\t\t\t\t<section class=\"elementor-section elementor-top-section elementor-element elementor-element-c8187ce elementor-section-boxed elementor-section-height-default elementor-section-height-default\" data-id=\"c8187ce\" data-element_type=\"section\" data-e-type=\"section\">\n\t\t\t\t\t\t<div class=\"elementor-container elementor-column-gap-default\">\n\t\t\t\t\t<div class=\"elementor-column elementor-col-50 elementor-top-column elementor-element elementor-element-22c3acb\" data-id=\"22c3acb\" data-element_type=\"column\" data-e-type=\"column\">\n\t\t\t<div class=\"elementor-widget-wrap elementor-element-populated\">\n\t\t\t\t\t\t<div class=\"elementor-element elementor-element-470c62e elementor-widget elementor-widget-heading\" data-id=\"470c62e\" data-element_type=\"widget\" data-e-type=\"widget\" data-widget_type=\"heading.default\">\n\t\t\t\t<div class=\"elementor-widget-container\">\n\t\t\t\t\t<h2 class=\"elementor-heading-title elementor-size-default\">Frakt:<\/h2>\t\t\t\t<\/div>\n\t\t\t\t<\/div>\n\t\t\t\t<div class=\"elementor-element elementor-element-aba5d03 elementor-widget elementor-widget-text-editor\" data-id=\"aba5d03\" data-element_type=\"widget\" data-e-type=\"widget\" data-widget_type=\"text-editor.default\">\n\t\t\t\t<div class=\"elementor-widget-container\">\n\t\t\t\t\t\t\t\t\t<p>Bestilling til samme dag gjort<b> etter kl 09.00<\/b>: 200,-<br \/>Bestilling med frakt <b>under 15 kg<\/b>: 250,-<\/p>\n<p>Vi kan ikke love spesifikke klokkeslett til kunder da v\u00e5re sj\u00e5f\u00f8rer evaluerer den beste ruten for de leveringene sj\u00e5f\u00f8ren har den dagen for at alle kunder skal f\u00e5 varene sine s\u00e5 raskt som mulig.\u00a0<br \/>Er det noe helt spesielt kan vi ta en dialog p\u00e5 det.<\/p>\n<p>Kantiner vil bli prioritert levering f\u00f8r kl 15 grunnet deres \u00e5pningstider.<\/p>\t\t\t\t\t\t\t\t<\/div>\n\t\t\t\t<\/div>\n\t\t\t\t\t<\/div>\n\t\t<\/div>\n\t\t\t\t<div class=\"elementor-column elementor-col-50 elementor-top-column elementor-element elementor-element-dfa153a\" data-id=\"dfa153a\" data-element_type=\"column\" data-e-type=\"column\">\n\t\t\t<div class=\"elementor-widget-wrap elementor-element-populated\">\n\t\t\t\t\t\t<div class=\"elementor-element elementor-element-a659c64 elementor-widget elementor-widget-heading\" data-id=\"a659c64\" data-element_type=\"widget\" data-e-type=\"widget\" data-widget_type=\"heading.default\">\n\t\t\t\t<div class=\"elementor-widget-container\">\n\t\t\t\t\t<h2 class=\"elementor-heading-title elementor-size-default\">Spesialbestillinger:<\/h2>\t\t\t\t<\/div>\n\t\t\t\t<\/div>\n\t\t\t\t<div class=\"elementor-element elementor-element-9df0818 elementor-widget elementor-widget-text-editor\" data-id=\"9df0818\" data-element_type=\"widget\" data-e-type=\"widget\" data-widget_type=\"text-editor.default\">\n\t\t\t\t<div class=\"elementor-widget-container\">\n\t\t\t\t\t\t\t\t\t<p>Spesialprodukter hos oss har<b> 2 dagers bestillingstid.\u00a0<\/b><br \/><span style=\"font-family: inherit;font-size: inherit;font-style: inherit;font-weight: inherit;background-color: var(--has-background, var(--theme-palette-color-8));color: var(--theme-text-color);letter-spacing: var(--theme-letter-spacing);text-transform: var(--theme-text-transform)\">Dette inkluderer virkedager <\/span><span style=\"font-family: inherit;font-size: inherit;font-style: inherit;background-color: var(--has-background, var(--theme-palette-color-8));color: var(--theme-text-color);letter-spacing: var(--theme-letter-spacing);text-transform: var(--theme-text-transform)\"><b>mandag &#8211; fredag<\/b><\/span><span style=\"font-family: inherit;font-size: inherit;font-style: inherit;font-weight: inherit;background-color: var(--has-background, var(--theme-palette-color-8));color: var(--theme-text-color);letter-spacing: var(--theme-letter-spacing);text-transform: var(--theme-text-transform)\">, ikke l\u00f8rdag og s\u00f8ndag.\u00a0<\/span><\/p>\n<p>L\u00f8rdag og s\u00f8ndag beregnes ikke inn i bestillingstiden da produksjonen v\u00e5r er stengt i helger. Bestilles produktet til mandag m\u00e5 bestillingen gj\u00f8res p\u00e5 Torsdag.\u00a0<\/p>\t\t\t\t\t\t\t\t<\/div>\n\t\t\t\t<\/div>\n\t\t\t\t\t<\/div>\n\t\t<\/div>\n\t\t\t\t\t<\/div>\n\t\t<\/section>\n\t\t\t\t<section class=\"elementor-section elementor-top-section elementor-element elementor-element-06e0ec2 elementor-section-boxed elementor-section-height-default elementor-section-height-default\" data-id=\"06e0ec2\" data-element_type=\"section\" data-e-type=\"section\">\n\t\t\t\t\t\t<div class=\"elementor-container elementor-column-gap-default\">\n\t\t\t\t\t<div class=\"elementor-column elementor-col-50 elementor-top-column elementor-element elementor-element-6eb23d1\" data-id=\"6eb23d1\" data-element_type=\"column\" data-e-type=\"column\">\n\t\t\t<div class=\"elementor-widget-wrap elementor-element-populated\">\n\t\t\t\t\t\t<div class=\"elementor-element elementor-element-973c421 elementor-widget elementor-widget-heading\" data-id=\"973c421\" data-element_type=\"widget\" data-e-type=\"widget\" data-widget_type=\"heading.default\">\n\t\t\t\t<div class=\"elementor-widget-container\">\n\t\t\t\t\t<h2 class=\"elementor-heading-title elementor-size-default\">Vektvarer og forpakninger<\/h2>\t\t\t\t<\/div>\n\t\t\t\t<\/div>\n\t\t\t\t<div class=\"elementor-element elementor-element-b4fec67 elementor-widget elementor-widget-text-editor\" data-id=\"b4fec67\" data-element_type=\"widget\" data-e-type=\"widget\" data-widget_type=\"text-editor.default\">\n\t\t\t\t<div class=\"elementor-widget-container\">\n\t\t\t\t\t\t\t\t\t<p>Produkter i kartonger og esker kan ikke \u00e5pnes og separeres.\u00a0<br \/>Eks: Dersom det \u00f8nskes 10 kg, men produktet er i 15kg kartong vil hele kartongen bli sendt. Vi kan ikke \u00e5pne og splitte produktet.\u00a0<\/p>\n<p>Noen produkter kan ikke skreddersys. Vi kan ofte dele opp i skiver, men ikke basert p\u00e5 spesifikk vekt da produktet kan variere i st\u00f8rrelse. T-bone stek kan bestille i spesifikk tykkelse, men ikke vekt.\u00a0<\/p>\t\t\t\t\t\t\t\t<\/div>\n\t\t\t\t<\/div>\n\t\t\t\t\t<\/div>\n\t\t<\/div>\n\t\t\t\t<div class=\"elementor-column elementor-col-50 elementor-top-column elementor-element elementor-element-87e280b\" data-id=\"87e280b\" data-element_type=\"column\" data-e-type=\"column\">\n\t\t\t<div class=\"elementor-widget-wrap elementor-element-populated\">\n\t\t\t\t\t\t<div class=\"elementor-element elementor-element-edae65f elementor-widget elementor-widget-image\" data-id=\"edae65f\" data-element_type=\"widget\" data-e-type=\"widget\" data-widget_type=\"image.default\">\n\t\t\t\t<div class=\"elementor-widget-container\">\n\t\t\t\t\t\t\t\t\t\t\t\t\t\t\t<img fetchpriority=\"high\" decoding=\"async\" width=\"960\" height=\"640\" src=\"https:\/\/strom-larsen.no\/engros\/wp-content\/uploads\/11090-960x640.jpg\" class=\"attachment-large size-large wp-image-15715\" alt=\"\" srcset=\"https:\/\/strom-larsen.no\/engros\/wp-content\/uploads\/11090-960x640.jpg 960w, https:\/\/strom-larsen.no\/engros\/wp-content\/uploads\/11090-300x200.jpg 300w, https:\/\/strom-larsen.no\/engros\/wp-content\/uploads\/11090-scaled-800x533.jpg 800w, https:\/\/strom-larsen.no\/engros\/wp-content\/uploads\/11090-768x512.jpg 768w, https:\/\/strom-larsen.no\/engros\/wp-content\/uploads\/11090-1536x1024.jpg 1536w, https:\/\/strom-larsen.no\/engros\/wp-content\/uploads\/11090-2048x1365.jpg 2048w\" sizes=\"(max-width: 960px) 100vw, 960px\" \/>\t\t\t\t\t\t\t\t\t\t\t\t\t\t\t<\/div>\n\t\t\t\t<\/div>\n\t\t\t\t\t<\/div>\n\t\t<\/div>\n\t\t\t\t\t<\/div>\n\t\t<\/section>\n\t\t\t\t<section class=\"elementor-section elementor-top-section elementor-element elementor-element-6d4cffc elementor-section-boxed elementor-section-height-default elementor-section-height-default\" data-id=\"6d4cffc\" data-element_type=\"section\" data-e-type=\"section\">\n\t\t\t\t\t\t<div class=\"elementor-container elementor-column-gap-default\">\n\t\t\t\t\t<div class=\"elementor-column elementor-col-25 elementor-top-column elementor-element elementor-element-0961c53\" data-id=\"0961c53\" data-element_type=\"column\" data-e-type=\"column\">\n\t\t\t<div class=\"elementor-widget-wrap elementor-element-populated\">\n\t\t\t\t\t\t<div class=\"elementor-element elementor-element-4b76c62 elementor-widget elementor-widget-image\" data-id=\"4b76c62\" data-element_type=\"widget\" data-e-type=\"widget\" data-widget_type=\"image.default\">\n\t\t\t\t<div class=\"elementor-widget-container\">\n\t\t\t\t\t\t\t\t\t\t\t\t\t\t\t<img decoding=\"async\" width=\"960\" height=\"640\" src=\"https:\/\/strom-larsen.no\/engros\/wp-content\/uploads\/25017-1-960x640.jpg\" class=\"attachment-large size-large wp-image-15747\" alt=\"\" srcset=\"https:\/\/strom-larsen.no\/engros\/wp-content\/uploads\/25017-1-960x640.jpg 960w, https:\/\/strom-larsen.no\/engros\/wp-content\/uploads\/25017-1-300x200.jpg 300w, https:\/\/strom-larsen.no\/engros\/wp-content\/uploads\/25017-1-scaled-800x533.jpg 800w, https:\/\/strom-larsen.no\/engros\/wp-content\/uploads\/25017-1-768x512.jpg 768w, https:\/\/strom-larsen.no\/engros\/wp-content\/uploads\/25017-1-1536x1024.jpg 1536w, https:\/\/strom-larsen.no\/engros\/wp-content\/uploads\/25017-1-2048x1365.jpg 2048w\" sizes=\"(max-width: 960px) 100vw, 960px\" \/>\t\t\t\t\t\t\t\t\t\t\t\t\t\t\t<\/div>\n\t\t\t\t<\/div>\n\t\t\t\t\t<\/div>\n\t\t<\/div>\n\t\t\t\t<div class=\"elementor-column elementor-col-25 elementor-top-column elementor-element elementor-element-3757c02\" data-id=\"3757c02\" data-element_type=\"column\" data-e-type=\"column\">\n\t\t\t<div class=\"elementor-widget-wrap elementor-element-populated\">\n\t\t\t\t\t\t<div class=\"elementor-element elementor-element-eb8371f elementor-widget elementor-widget-image\" data-id=\"eb8371f\" data-element_type=\"widget\" data-e-type=\"widget\" data-widget_type=\"image.default\">\n\t\t\t\t<div class=\"elementor-widget-container\">\n\t\t\t\t\t\t\t\t\t\t\t\t\t\t\t<img decoding=\"async\" width=\"960\" height=\"560\" src=\"https:\/\/strom-larsen.no\/engros\/wp-content\/uploads\/23057-960x560.jpg\" class=\"attachment-large size-large wp-image-15746\" alt=\"\" srcset=\"https:\/\/strom-larsen.no\/engros\/wp-content\/uploads\/23057-960x560.jpg 960w, https:\/\/strom-larsen.no\/engros\/wp-content\/uploads\/23057-300x175.jpg 300w, https:\/\/strom-larsen.no\/engros\/wp-content\/uploads\/23057-scaled-800x466.jpg 800w, https:\/\/strom-larsen.no\/engros\/wp-content\/uploads\/23057-768x448.jpg 768w, https:\/\/strom-larsen.no\/engros\/wp-content\/uploads\/23057-1536x895.jpg 1536w, https:\/\/strom-larsen.no\/engros\/wp-content\/uploads\/23057-2048x1194.jpg 2048w\" sizes=\"(max-width: 960px) 100vw, 960px\" \/>\t\t\t\t\t\t\t\t\t\t\t\t\t\t\t<\/div>\n\t\t\t\t<\/div>\n\t\t\t\t\t<\/div>\n\t\t<\/div>\n\t\t\t\t<div class=\"elementor-column elementor-col-25 elementor-top-column elementor-element elementor-element-7cd79e8\" data-id=\"7cd79e8\" data-element_type=\"column\" data-e-type=\"column\">\n\t\t\t<div class=\"elementor-widget-wrap elementor-element-populated\">\n\t\t\t\t\t\t<div class=\"elementor-element elementor-element-c049e9a elementor-widget elementor-widget-image\" data-id=\"c049e9a\" data-element_type=\"widget\" data-e-type=\"widget\" data-widget_type=\"image.default\">\n\t\t\t\t<div class=\"elementor-widget-container\">\n\t\t\t\t\t\t\t\t\t\t\t\t\t\t\t<img loading=\"lazy\" decoding=\"async\" width=\"960\" height=\"704\" src=\"https:\/\/strom-larsen.no\/engros\/wp-content\/uploads\/20091-960x704.jpg\" class=\"attachment-large size-large wp-image-15745\" alt=\"\" srcset=\"https:\/\/strom-larsen.no\/engros\/wp-content\/uploads\/20091-960x704.jpg 960w, https:\/\/strom-larsen.no\/engros\/wp-content\/uploads\/20091-300x220.jpg 300w, https:\/\/strom-larsen.no\/engros\/wp-content\/uploads\/20091-scaled-800x587.jpg 800w, https:\/\/strom-larsen.no\/engros\/wp-content\/uploads\/20091-768x563.jpg 768w, https:\/\/strom-larsen.no\/engros\/wp-content\/uploads\/20091-1536x1126.jpg 1536w, https:\/\/strom-larsen.no\/engros\/wp-content\/uploads\/20091-2048x1501.jpg 2048w\" sizes=\"(max-width: 960px) 100vw, 960px\" \/>\t\t\t\t\t\t\t\t\t\t\t\t\t\t\t<\/div>\n\t\t\t\t<\/div>\n\t\t\t\t\t<\/div>\n\t\t<\/div>\n\t\t\t\t<div class=\"elementor-column elementor-col-25 elementor-top-column elementor-element elementor-element-859692f\" data-id=\"859692f\" data-element_type=\"column\" data-e-type=\"column\">\n\t\t\t<div class=\"elementor-widget-wrap elementor-element-populated\">\n\t\t\t\t\t\t<div class=\"elementor-element elementor-element-a129d4d elementor-widget elementor-widget-text-editor\" data-id=\"a129d4d\" data-element_type=\"widget\" data-e-type=\"widget\" data-widget_type=\"text-editor.default\">\n\t\t\t\t<div class=\"elementor-widget-container\">\n\t\t\t\t\t\t\t\t\t<p><b>V\u00e6r obs p\u00e5 bestillingsenheter:\u00a0<\/b><br \/>Kartong<br \/>Kg<br \/>Stk<\/p><p>Det kan til tider st\u00e5 <b>&laquo;Kj\u00f8ttdeig 18% 3 kg per pakke&raquo;<\/b>. Bestillingsenheten\u00a0 kan likevel v\u00e6re i kg og vi veier inn til n\u00e6rmeste \u00f8nsket kg. 28 kg = 30 kg.\u00a0<\/p>\t\t\t\t\t\t\t\t<\/div>\n\t\t\t\t<\/div>\n\t\t\t\t\t<\/div>\n\t\t<\/div>\n\t\t\t\t\t<\/div>\n\t\t<\/section>\n\t\t\t\t<section class=\"elementor-section elementor-top-section elementor-element elementor-element-05b25db elementor-section-boxed elementor-section-height-default elementor-section-height-default\" data-id=\"05b25db\" data-element_type=\"section\" data-e-type=\"section\">\n\t\t\t\t\t\t<div class=\"elementor-container elementor-column-gap-default\">\n\t\t\t\t\t<div class=\"elementor-column elementor-col-100 elementor-top-column elementor-element elementor-element-4bb1882\" data-id=\"4bb1882\" data-element_type=\"column\" data-e-type=\"column\">\n\t\t\t<div class=\"elementor-widget-wrap\">\n\t\t\t\t\t\t\t<\/div>\n\t\t<\/div>\n\t\t\t\t\t<\/div>\n\t\t<\/section>\n\t\t\t\t<section class=\"elementor-section elementor-top-section elementor-element elementor-element-a1f8b5c elementor-section-boxed elementor-section-height-default elementor-section-height-default\" data-id=\"a1f8b5c\" data-element_type=\"section\" data-e-type=\"section\">\n\t\t\t\t\t\t<div class=\"elementor-container elementor-column-gap-default\">\n\t\t\t\t\t<div class=\"elementor-column elementor-col-100 elementor-top-column elementor-element elementor-element-5b3aed4\" data-id=\"5b3aed4\" data-element_type=\"column\" data-e-type=\"column\">\n\t\t\t<div class=\"elementor-widget-wrap\">\n\t\t\t\t\t\t\t<\/div>\n\t\t<\/div>\n\t\t\t\t\t<\/div>\n\t\t<\/section>\n\t\t\t\t<\/div>\n\t\t","protected":false},"excerpt":{"rendered":"<p>\u00c5pningertider: \u00c5pningstider mandag til torsdag 0600-1600\u00a0 \u00a0 \u00a0 \u00a0 \u00a0 \u00a0 \u00a0 \u00a0 \u00a0 \u00a0 \u00a0 \u00a0 \u00a0 \u00a0 \u00a0 \u00a0 \u00a0 \u00a0 \u00a0 \u00a0 \u00a0fredag 0600-1500\u00a0 \u00a0 \u00a0 \u00a0 \u00a0 \u00a0 \u00a0 \u00a0 \u00a0 \u00a0 \u00a0 \u00a0 \u00a0 \u00a0 \u00a0 \u00a0 \u00a0 \u00a0 \u00a0 \u00a0 \u00a0l\u00f8rdag 0600-1400 Kontaktinformasjon Bestilling p\u00e5 nett : www.strom-larsen.noMail: salg@strom-larsen.noTLF: [&hellip;]<\/p>\n","protected":false},"author":1,"featured_media":0,"parent":0,"menu_order":0,"comment_status":"closed","ping_status":"closed","template":"","meta":{"footnotes":""},"class_list":["post-3289","page","type-page","status-publish","hentry"],"blocksy_meta":{"styles_descriptor":{"styles":{"desktop":"","tablet":"","mobile":""},"google_fonts":[],"version":6}},"_links":{"self":[{"href":"https:\/\/strom-larsen.no\/engros\/wp-json\/wp\/v2\/pages\/3289","targetHints":{"allow":["GET"]}}],"collection":[{"href":"https:\/\/strom-larsen.no\/engros\/wp-json\/wp\/v2\/pages"}],"about":[{"href":"https:\/\/strom-larsen.no\/engros\/wp-json\/wp\/v2\/types\/page"}],"author":[{"embeddable":true,"href":"https:\/\/strom-larsen.no\/engros\/wp-json\/wp\/v2\/users\/1"}],"replies":[{"embeddable":true,"href":"https:\/\/strom-larsen.no\/engros\/wp-json\/wp\/v2\/comments?post=3289"}],"version-history":[{"count":50,"href":"https:\/\/strom-larsen.no\/engros\/wp-json\/wp\/v2\/pages\/3289\/revisions"}],"predecessor-version":[{"id":17317,"href":"https:\/\/strom-larsen.no\/engros\/wp-json\/wp\/v2\/pages\/3289\/revisions\/17317"}],"wp:attachment":[{"href":"https:\/\/strom-larsen.no\/engros\/wp-json\/wp\/v2\/media?parent=3289"}],"curies":[{"name":"wp","href":"https:\/\/api.w.org\/{rel}","templated":true}]}}