{"id":2194,"date":"2018-11-20T13:52:20","date_gmt":"2018-11-20T12:52:20","guid":{"rendered":"https:\/\/www.strom-larsen.no\/?page_id=2194"},"modified":"2019-09-30T13:26:28","modified_gmt":"2019-09-30T11:26:28","slug":"personvernerklaering","status":"publish","type":"page","link":"https:\/\/strom-larsen.no\/engros\/personvernerklaering\/","title":{"rendered":"Personvernerkl\u00e6ring"},"content":{"rendered":"<p><strong>Kontaktinformasjon<\/strong><\/p>\n<p>Hvis du har sp\u00f8rsm\u00e5l eller kommentarer til denne erkl\u00e6ringen eller hvordan vi behandler personopplysninger, kan du kontakte oss p\u00e5 e-post <a href=\"mailto:bestilling@strom-larsen.no\">bestilling@strom-larsen.no<\/a> eller telefon 22 09 31 80<\/p>\n<p>&nbsp;<\/p>\n<p><strong>Behandlingsansvarlig<\/strong><\/p>\n<p>Daglig leder, Jan Str\u00f8m-Larsen ved Alf Str\u00f8m-Larsen AS, er behandlingsansvarlig for virksomhetens behandling av personopplysninger.<\/p>\n<p>&nbsp;<\/p>\n<p><strong>Lov om behandling av personopplysninger<\/strong><\/p>\n<p>Denne Personvernerkl\u00e6ringen gjelder for alle brukere av v\u00e5r nettside og all behandling av personopplysninger som skjer i forbindelse med slik bruk.<\/p>\n<p>Erkl\u00e6ringen inneholder informasjon om hva du har krav p\u00e5 n\u00e5r det samles inn personopplysninger fra nettsiden v\u00e5r.<\/p>\n<p>&nbsp;<\/p>\n<p><strong>Form\u00e5let med behandlingen av personopplysningene<\/strong><\/p>\n<p>Alf Str\u00f8m-Larsen AS innhenter og behandler personopplysninger knyttet til bruk av v\u00e5r nettside for f\u00f8lgende form\u00e5l og tjenester:<\/p>\n<ul>\n<li>Ved handel i nettbutikken<\/li>\n<li>Bestilling av firmajulegaver<\/li>\n<li>Henvendelser via v\u00e5re kontaktskjemaer<\/li>\n<\/ul>\n<p>Personopplysninger om deg vil kun bli brukt for disse form\u00e5lene. Det er frivillig for deg \u00e5 oppgi personopplysninger i forbindelse med tjenester p\u00e5 nettsiden, og innhenting av samtykke vil komme klart frem der det skjer. Vi gj\u00f8r oppmerksom p\u00e5 at enkelte opplysninger er n\u00f8dvendig \u00e5 innhente for at vi skal kunne behandle din henvendelse eller ordre.<\/p>\n<p>&nbsp;<\/p>\n<p><strong>Personopplysninger som behandles<\/strong><\/p>\n<p>Alf Str\u00f8m-Larsen AS samler inn personopplysninger gjennom handel i nettbutikken og ved bruk av kontaktskjema p\u00e5 v\u00e5r nettside. Det er frivillig for de som bes\u00f8ker nettsiden \u00e5 oppgi personopplysninger i forbindelse med produkter og tjenester som vi leverer, men enkelte opplysninger kan v\u00e6re n\u00f8dvendig for at vi skal kunne behandle ordren eller henvendelsen din.<\/p>\n<p>&nbsp;<\/p>\n<p><strong>Prosesser og skjemaer hvor vi sp\u00f8r om personopplysninger er:<\/strong><\/p>\n<ul>\n<li>Ved handel i nettbutikken<\/li>\n<li>Bestilling av firmajulegaver<\/li>\n<li>Henvendelser via v\u00e5re kontaktskjemaer<\/li>\n<li>P\u00e5melding til nyhetsbrev<\/li>\n<\/ul>\n<p>&nbsp;<\/p>\n<p><strong>Informasjon som hentes inn:<\/strong><\/p>\n<ul>\n<li>Firma * (Bestilling av firmajulegave)<\/li>\n<li>Orgnr. * (Bestilling av firmajulegave)<\/li>\n<li>Fakturaadresse * (Bestilling av firmajulegave)<\/li>\n<li>E-post for faktura * (Bestilling av firmajulegave)<\/li>\n<li>Dato for henting * (Nettbutikk\/bestilling av firmajulegave)<\/li>\n<li>Kortnummer, utl\u00f8psdato, CVC * (Nettbutikk)<\/li>\n<li>Tilleggsopplysninger<\/li>\n<li>Navn p\u00e5 bestiller *<\/li>\n<li>Navn *<\/li>\n<li>Epost *<\/li>\n<li>Telefon*<\/li>\n<li>Adresse*<\/li>\n<li>Generell informasjon<\/li>\n<\/ul>\n<p>Felter som er p\u00e5krevd for henvendelser og handel er merker med stjerne *<\/p>\n<p>&nbsp;<\/p>\n<p><strong>Hvem behandler opplysningene?<\/strong><\/p>\n<p>Opplysningene behandles av Alf Str\u00f8m-Larsen AS sentralt og gj\u00f8res tilgjengelig for den aktuelle avdelingen som skal utf\u00f8re henvendelsen. Herunder ansatte som trenger tilgang til opplysningene for \u00e5 gjennomf\u00f8re jobben samt eksternt logistikk\/lager\/frakt.<\/p>\n<p>Betalingsl\u00f8sningen i nettbutikken er levert av <a href=\"https:\/\/stripe.com\" target=\"_blank\" rel=\"noopener noreferrer\">STRIPE<\/a>. Opplysninger som du oppgir i kassen i forbindelse med handel som kortnummer, utl\u00f8psdato og CVC sendes kryptert til STRIPE og lagres ikke i v\u00e5rt system.<\/p>\n<p>&nbsp;<\/p>\n<p><strong>Hvordan lagres informasjonen?<\/strong><\/p>\n<p>Vi oppbevarer personopplysninger i henhold til gjeldende lovgivning og har til enhver tid tiltak for \u00e5 sikre kravene til konfidensialitet, tilgjengelighet og integritet. Personopplysningene dine vil bare bli lagret s\u00e5 lenge Alf Str\u00f8m-Larsen AS har et n\u00f8dvendig behov for dette, og under enhver omstendighet ikke lenger enn det som f\u00f8lger av den til enhver tid gjeldende lovgivning. N\u00e5r Alf Str\u00f8m-Larsen AS ikke lenger har et n\u00f8dvendig behov for lagring av personopplysninger, vil opplysningene bli slettet eller anonymisert.<\/p>\n<p>&nbsp;<\/p>\n<p><strong>Rettigheter<\/strong><\/p>\n<p>Som bruker av nettsidene v\u00e5re har du rett til \u00e5 kreve innsyn i personopplysningene som vi behandler om deg og hvordan de behandles. Du kan ogs\u00e5 kreve retting, sletting og begrensninger i behandlingen av personopplysninger i henhold til personopplysningsloven.<\/p>\n<p>Dersom du mener vi ikke har overholdt dine rettigheter i henhold til Personopplysningsloven eller p\u00e5 en annen m\u00e5te har brutt loven, ber vi deg ta kontakt med oss snarest.<\/p>\n<p>Du har ogs\u00e5 rett til \u00e5 sende inn klage til Datatilsynet. Kontaktinformasjonen er tilgjengelig p\u00e5 <u><a href=\"http:\/\/www.datatilsynet.no\">www.datatilsynet.no<\/a><\/u>.<\/p>\n<p>&nbsp;<\/p>\n<p><strong>Hvordan slettes opplysningene?<\/strong><\/p>\n<p>Informasjon om deg slettes p\u00e5 oppfordring ved \u00e5 kontakte oss p\u00e5 bestilling@strom-larsen.no<\/p>\n<p>&nbsp;<\/p>\n<p><strong>Utlevering av informasjon til tredjepart?<\/strong><\/p>\n<p>Personopplysningene brukes kun til eget form\u00e5l og deles ikke med utenforst\u00e5ende tredjeparter.<\/p>\n<p>Betalingsl\u00f8sningen i nettbutikken er levert av <a href=\"https:\/\/stripe.com\" target=\"_blank\" rel=\"noopener noreferrer\">STRIPE<\/a>. Opplysninger som du oppgir i kassen i forbindelse med handel som kortnummer, utl\u00f8psdato og CVC sendes kryptert til STRIPE og lagres ikke i v\u00e5rt system.<\/p>\n<p>&nbsp;<\/p>\n<p><strong>Informasjonskapsler (cookies)<\/strong><\/p>\n<p>Informasjonskapsler er sm\u00e5 tekstfiler som v\u00e5re nettsteder lagrer p\u00e5 din datamaskin, slik at vi kan gjenkjenne deg som bruker og gi deg tilpasset innhold og tjenester n\u00e5r du bes\u00f8ker nettsiden v\u00e5r. Informasjonskapslene inneholder ikke personopplysninger.<\/p>\n<p>Ved \u00e5 bes\u00f8ke v\u00e5r nettside samtykker du i at vi benytter informasjonskapsler\/cookies, slik at vi kan gi deg en bedre brukeropplevelse.<\/p>\n<p><strong><br \/>\nF\u00f8lgende informasjonskapsler brukes p\u00e5 nettsiden:<br \/>\n<\/strong>(D<span class=\"m_-8933436046542512880gmail-s1\">et lagres ingen personlig informasjon i disse kapslene<\/span>)<\/p>\n<ul>\n<li><strong>Google Analytics: <\/strong>Alt du gj\u00f8r i nettbutikken.<\/li>\n<li><strong>Woocommerce:<\/strong> <span class=\"m_-8933436046542512880gmail-s1\">Netthandelsl\u00f8sningen v\u00e5r WooCommerce benytter informasjonskapsler, disse inneholder informasjon om handlekurven, endringer i handlekurven og informasjon om kj\u00f8psprosessen slik at vi kan gi deg en bedre og enklere kj\u00f8psprosess. I tillegg brukes informasjonskapslene i forbindelse med din kundekonto s\u00e5 lenge du er logget inn. Det lagres ingen personlig informasjon i disse kapslene, og de deles ikke med tredjeparter.<\/span><\/li>\n<\/ul>\n<p><u><a href=\"https:\/\/nettvett.no\/slik-administrer-du-informasjonskapsler\/\">Slik administrerer du informasjonskapsler (nettvett.no)<\/a><\/u><\/p>\n<p>&nbsp;<\/p>\n<p><strong>Endringer i erkl\u00e6ringen<\/strong><\/p>\n<p>Alf Str\u00f8m-Larsen AS forbeholder seg retten til \u00e5 endre eller oppdatere Personvernerkl\u00e6ringen. Alle endringer er gjeldene fra de legges ut, og vil omfatte informasjon samlet inn fra den datoen. Du kan finne ut n\u00e5r disse retningslinjene sist ble revidert ved \u00e5 se \u201cSist oppdatert\u201d nederst p\u00e5 denne siden.<\/p>\n<p>&nbsp;<\/p>\n<p>Sist oppdatert 20.11.2018<\/p>\n","protected":false},"excerpt":{"rendered":"<p>Kontaktinformasjon Hvis du har sp\u00f8rsm\u00e5l eller kommentarer til denne erkl\u00e6ringen eller hvordan vi behandler personopplysninger, kan du kontakte oss p\u00e5 e-post bestilling@strom-larsen.no eller telefon 22 09 31 80 &nbsp; Behandlingsansvarlig Daglig leder, Jan Str\u00f8m-Larsen ved Alf Str\u00f8m-Larsen AS, er behandlingsansvarlig for virksomhetens behandling av personopplysninger. &nbsp; Lov om behandling av personopplysninger Denne Personvernerkl\u00e6ringen gjelder for [&hellip;]<\/p>\n","protected":false},"author":1,"featured_media":0,"parent":0,"menu_order":0,"comment_status":"closed","ping_status":"closed","template":"","meta":{"footnotes":""},"class_list":["post-2194","page","type-page","status-publish","hentry"],"blocksy_meta":{"styles_descriptor":{"styles":{"desktop":"","tablet":"","mobile":""},"google_fonts":[],"version":6}},"_links":{"self":[{"href":"https:\/\/strom-larsen.no\/engros\/wp-json\/wp\/v2\/pages\/2194","targetHints":{"allow":["GET"]}}],"collection":[{"href":"https:\/\/strom-larsen.no\/engros\/wp-json\/wp\/v2\/pages"}],"about":[{"href":"https:\/\/strom-larsen.no\/engros\/wp-json\/wp\/v2\/types\/page"}],"author":[{"embeddable":true,"href":"https:\/\/strom-larsen.no\/engros\/wp-json\/wp\/v2\/users\/1"}],"replies":[{"embeddable":true,"href":"https:\/\/strom-larsen.no\/engros\/wp-json\/wp\/v2\/comments?post=2194"}],"version-history":[{"count":2,"href":"https:\/\/strom-larsen.no\/engros\/wp-json\/wp\/v2\/pages\/2194\/revisions"}],"predecessor-version":[{"id":6467,"href":"https:\/\/strom-larsen.no\/engros\/wp-json\/wp\/v2\/pages\/2194\/revisions\/6467"}],"wp:attachment":[{"href":"https:\/\/strom-larsen.no\/engros\/wp-json\/wp\/v2\/media?parent=2194"}],"curies":[{"name":"wp","href":"https:\/\/api.w.org\/{rel}","templated":true}]}}