{"id":1843,"date":"2018-04-17T14:00:33","date_gmt":"2018-04-17T12:00:33","guid":{"rendered":"https:\/\/www.strom-larsen.no\/?page_id=1843"},"modified":"2025-04-10T12:23:04","modified_gmt":"2025-04-10T10:23:04","slug":"kontakt","status":"publish","type":"page","link":"https:\/\/strom-larsen.no\/engros\/kontakt\/","title":{"rendered":"Kontakt"},"content":{"rendered":"\t\t<div data-elementor-type=\"wp-page\" data-elementor-id=\"1843\" class=\"elementor elementor-1843\" data-elementor-post-type=\"page\">\n\t\t\t\t\t\t<section class=\"elementor-section elementor-top-section elementor-element elementor-element-cf55221 elementor-section-boxed elementor-section-height-default elementor-section-height-default\" data-id=\"cf55221\" data-element_type=\"section\" data-e-type=\"section\">\n\t\t\t\t\t\t<div class=\"elementor-container elementor-column-gap-default\">\n\t\t\t\t\t<div class=\"elementor-column elementor-col-50 elementor-top-column elementor-element elementor-element-a3e1555\" data-id=\"a3e1555\" data-element_type=\"column\" data-e-type=\"column\">\n\t\t\t<div class=\"elementor-widget-wrap elementor-element-populated\">\n\t\t\t\t\t\t<div class=\"elementor-element elementor-element-bf9d322 elementor-widget elementor-widget-text-editor\" data-id=\"bf9d322\" data-element_type=\"widget\" data-e-type=\"widget\" data-widget_type=\"text-editor.default\">\n\t\t\t\t<div class=\"elementor-widget-container\">\n\t\t\t\t\t\t\t\t\t<h4>Telefonbestilling: 22 09 31 81<br \/>Epost: <a href=\"mailto:salg@strom-larsen.no\" target=\"_blank\" rel=\"noopener noreferrer\">salg@strom-larsen.no<\/a><\/h4>\t\t\t\t\t\t\t\t<\/div>\n\t\t\t\t<\/div>\n\t\t\t\t\t<\/div>\n\t\t<\/div>\n\t\t\t\t<div class=\"elementor-column elementor-col-50 elementor-top-column elementor-element elementor-element-80a8e3d\" data-id=\"80a8e3d\" data-element_type=\"column\" data-e-type=\"column\">\n\t\t\t<div class=\"elementor-widget-wrap elementor-element-populated\">\n\t\t\t\t\t\t<div class=\"elementor-element elementor-element-d0ec900 elementor-widget elementor-widget-google_maps\" data-id=\"d0ec900\" data-element_type=\"widget\" data-e-type=\"widget\" data-widget_type=\"google_maps.default\">\n\t\t\t\t<div class=\"elementor-widget-container\">\n\t\t\t\t\t\t\t<div class=\"elementor-custom-embed\">\n\t\t\t<iframe loading=\"lazy\"\n\t\t\t\t\tsrc=\"https:\/\/maps.google.com\/maps?q=Professor%20Birkelands%20vei%2028C&#038;t=m&#038;z=13&#038;output=embed&#038;iwloc=near\"\n\t\t\t\t\ttitle=\"Professor Birkelands vei 28C\"\n\t\t\t\t\taria-label=\"Professor Birkelands vei 28C\"\n\t\t\t><\/iframe>\n\t\t<\/div>\n\t\t\t\t\t\t<\/div>\n\t\t\t\t<\/div>\n\t\t\t\t\t<\/div>\n\t\t<\/div>\n\t\t\t\t\t<\/div>\n\t\t<\/section>\n\t\t\t\t<section class=\"elementor-section elementor-top-section elementor-element elementor-element-30a8eae elementor-section-boxed elementor-section-height-default elementor-section-height-default\" data-id=\"30a8eae\" data-element_type=\"section\" data-e-type=\"section\">\n\t\t\t\t\t\t<div class=\"elementor-container elementor-column-gap-default\">\n\t\t\t\t\t<div class=\"elementor-column elementor-col-33 elementor-top-column elementor-element elementor-element-a126cd8\" data-id=\"a126cd8\" data-element_type=\"column\" data-e-type=\"column\">\n\t\t\t<div class=\"elementor-widget-wrap elementor-element-populated\">\n\t\t\t\t\t\t<div class=\"elementor-element elementor-element-c17c5ca elementor-widget elementor-widget-image\" data-id=\"c17c5ca\" data-element_type=\"widget\" data-e-type=\"widget\" data-widget_type=\"image.default\">\n\t\t\t\t<div class=\"elementor-widget-container\">\n\t\t\t\t\t\t\t\t\t\t\t\t\t\t\t<img fetchpriority=\"high\" decoding=\"async\" width=\"640\" height=\"960\" src=\"https:\/\/strom-larsen.no\/engros\/wp-content\/uploads\/Erik-Strom-Larsen-ny-1-640x960.jpg\" class=\"attachment-large size-large wp-image-16999\" alt=\"\" srcset=\"https:\/\/strom-larsen.no\/engros\/wp-content\/uploads\/Erik-Strom-Larsen-ny-1-640x960.jpg 640w, https:\/\/strom-larsen.no\/engros\/wp-content\/uploads\/Erik-Strom-Larsen-ny-1-200x300.jpg 200w, https:\/\/strom-larsen.no\/engros\/wp-content\/uploads\/Erik-Strom-Larsen-ny-1-768x1152.jpg 768w, https:\/\/strom-larsen.no\/engros\/wp-content\/uploads\/Erik-Strom-Larsen-ny-1-1024x1536.jpg 1024w, https:\/\/strom-larsen.no\/engros\/wp-content\/uploads\/Erik-Strom-Larsen-ny-1-1365x2048.jpg 1365w, https:\/\/strom-larsen.no\/engros\/wp-content\/uploads\/Erik-Strom-Larsen-ny-1-300x450.jpg 300w, https:\/\/strom-larsen.no\/engros\/wp-content\/uploads\/Erik-Strom-Larsen-ny-1-800x1200.jpg 800w, https:\/\/strom-larsen.no\/engros\/wp-content\/uploads\/Erik-Strom-Larsen-ny-1-scaled.jpg 1707w\" sizes=\"(max-width: 640px) 100vw, 640px\" \/>\t\t\t\t\t\t\t\t\t\t\t\t\t\t\t<\/div>\n\t\t\t\t<\/div>\n\t\t\t\t<div class=\"elementor-element elementor-element-80c4c25 elementor-widget elementor-widget-text-editor\" data-id=\"80c4c25\" data-element_type=\"widget\" data-e-type=\"widget\" data-widget_type=\"text-editor.default\">\n\t\t\t\t<div class=\"elementor-widget-container\">\n\t\t\t\t\t\t\t\t\t<p style=\"text-align: center\"><strong><span style=\"color: #000000\">ERIK STR\u00d8M-LARSEN<\/span><\/strong><br \/>EIER OG SJEF\u00a0<\/p>\t\t\t\t\t\t\t\t<\/div>\n\t\t\t\t<\/div>\n\t\t\t\t<section class=\"elementor-section elementor-inner-section elementor-element elementor-element-4fde38b elementor-section-boxed elementor-section-height-default elementor-section-height-default\" data-id=\"4fde38b\" data-element_type=\"section\" data-e-type=\"section\">\n\t\t\t\t\t\t<div class=\"elementor-container elementor-column-gap-default\">\n\t\t\t\t\t\t<\/div>\n\t\t<\/section>\n\t\t\t\t\t<\/div>\n\t\t<\/div>\n\t\t\t\t<div class=\"elementor-column elementor-col-33 elementor-top-column elementor-element elementor-element-fd1ca5a\" data-id=\"fd1ca5a\" data-element_type=\"column\" data-e-type=\"column\">\n\t\t\t<div class=\"elementor-widget-wrap elementor-element-populated\">\n\t\t\t\t\t\t<div class=\"elementor-element elementor-element-611c3ab elementor-widget__width-initial elementor-widget elementor-widget-image\" data-id=\"611c3ab\" data-element_type=\"widget\" data-e-type=\"widget\" data-widget_type=\"image.default\">\n\t\t\t\t<div class=\"elementor-widget-container\">\n\t\t\t\t\t\t\t\t\t\t\t\t\t\t\t<img decoding=\"async\" width=\"591\" height=\"960\" src=\"https:\/\/strom-larsen.no\/engros\/wp-content\/uploads\/Andre-Strom-Larsen-Ny-591x960.jpg\" class=\"attachment-large size-large wp-image-17000\" alt=\"\" srcset=\"https:\/\/strom-larsen.no\/engros\/wp-content\/uploads\/Andre-Strom-Larsen-Ny-591x960.jpg 591w, https:\/\/strom-larsen.no\/engros\/wp-content\/uploads\/Andre-Strom-Larsen-Ny-185x300.jpg 185w, https:\/\/strom-larsen.no\/engros\/wp-content\/uploads\/Andre-Strom-Larsen-Ny-768x1248.jpg 768w, https:\/\/strom-larsen.no\/engros\/wp-content\/uploads\/Andre-Strom-Larsen-Ny-945x1536.jpg 945w, https:\/\/strom-larsen.no\/engros\/wp-content\/uploads\/Andre-Strom-Larsen-Ny-1260x2048.jpg 1260w, https:\/\/strom-larsen.no\/engros\/wp-content\/uploads\/Andre-Strom-Larsen-Ny-300x488.jpg 300w, https:\/\/strom-larsen.no\/engros\/wp-content\/uploads\/Andre-Strom-Larsen-Ny-800x1300.jpg 800w, https:\/\/strom-larsen.no\/engros\/wp-content\/uploads\/Andre-Strom-Larsen-Ny-scaled.jpg 1575w\" sizes=\"(max-width: 591px) 100vw, 591px\" \/>\t\t\t\t\t\t\t\t\t\t\t\t\t\t\t<\/div>\n\t\t\t\t<\/div>\n\t\t\t\t<div class=\"elementor-element elementor-element-62f9b24 elementor-widget elementor-widget-text-editor\" data-id=\"62f9b24\" data-element_type=\"widget\" data-e-type=\"widget\" data-widget_type=\"text-editor.default\">\n\t\t\t\t<div class=\"elementor-widget-container\">\n\t\t\t\t\t\t\t\t\t<p style=\"text-align: center\"><span style=\"font-family: inherit;font-size: inherit;font-style: inherit\"><br \/><b>ANDR\u00c8 STR\u00d8M-LARSEN<br \/><\/b><\/span><span style=\"font-family: inherit;font-size: inherit;font-style: inherit;font-weight: inherit\">DRIFTSSJEF<\/span><\/p>\t\t\t\t\t\t\t\t<\/div>\n\t\t\t\t<\/div>\n\t\t\t\t\t<\/div>\n\t\t<\/div>\n\t\t\t\t<div class=\"elementor-column elementor-col-33 elementor-top-column elementor-element elementor-element-91c83be\" data-id=\"91c83be\" data-element_type=\"column\" data-e-type=\"column\">\n\t\t\t<div class=\"elementor-widget-wrap elementor-element-populated\">\n\t\t\t\t\t\t<div class=\"elementor-element elementor-element-262bcf7 elementor-widget elementor-widget-image\" data-id=\"262bcf7\" data-element_type=\"widget\" data-e-type=\"widget\" data-widget_type=\"image.default\">\n\t\t\t\t<div class=\"elementor-widget-container\">\n\t\t\t\t\t\t\t\t\t\t\t\t\t\t\t<img decoding=\"async\" width=\"640\" height=\"960\" src=\"https:\/\/strom-larsen.no\/engros\/wp-content\/uploads\/Gro-Strom-Larsen-NY-640x960.jpg\" class=\"attachment-large size-large wp-image-17002\" alt=\"\" srcset=\"https:\/\/strom-larsen.no\/engros\/wp-content\/uploads\/Gro-Strom-Larsen-NY-640x960.jpg 640w, https:\/\/strom-larsen.no\/engros\/wp-content\/uploads\/Gro-Strom-Larsen-NY-200x300.jpg 200w, https:\/\/strom-larsen.no\/engros\/wp-content\/uploads\/Gro-Strom-Larsen-NY-768x1152.jpg 768w, https:\/\/strom-larsen.no\/engros\/wp-content\/uploads\/Gro-Strom-Larsen-NY-1024x1536.jpg 1024w, https:\/\/strom-larsen.no\/engros\/wp-content\/uploads\/Gro-Strom-Larsen-NY-1365x2048.jpg 1365w, https:\/\/strom-larsen.no\/engros\/wp-content\/uploads\/Gro-Strom-Larsen-NY-300x450.jpg 300w, https:\/\/strom-larsen.no\/engros\/wp-content\/uploads\/Gro-Strom-Larsen-NY-800x1200.jpg 800w, https:\/\/strom-larsen.no\/engros\/wp-content\/uploads\/Gro-Strom-Larsen-NY-scaled.jpg 1707w\" sizes=\"(max-width: 640px) 100vw, 640px\" \/>\t\t\t\t\t\t\t\t\t\t\t\t\t\t\t<\/div>\n\t\t\t\t<\/div>\n\t\t\t\t<div class=\"elementor-element elementor-element-84b1140 elementor-widget elementor-widget-text-editor\" data-id=\"84b1140\" data-element_type=\"widget\" data-e-type=\"widget\" data-widget_type=\"text-editor.default\">\n\t\t\t\t<div class=\"elementor-widget-container\">\n\t\t\t\t\t\t\t\t\t<p style=\"text-align: center\"><strong>GRO IREN STR\u00d8M-LARSEN<\/strong><br \/>ADMINISTRASJONSANSVARLIG<\/p>\t\t\t\t\t\t\t\t<\/div>\n\t\t\t\t<\/div>\n\t\t\t\t\t<\/div>\n\t\t<\/div>\n\t\t\t\t\t<\/div>\n\t\t<\/section>\n\t\t\t\t<section class=\"elementor-section elementor-top-section elementor-element elementor-element-91f3ce1 elementor-section-boxed elementor-section-height-default elementor-section-height-default\" data-id=\"91f3ce1\" data-element_type=\"section\" data-e-type=\"section\">\n\t\t\t\t\t\t<div class=\"elementor-container elementor-column-gap-default\">\n\t\t\t\t\t<div class=\"elementor-column elementor-col-33 elementor-top-column elementor-element elementor-element-935ef20\" data-id=\"935ef20\" data-element_type=\"column\" data-e-type=\"column\">\n\t\t\t<div class=\"elementor-widget-wrap elementor-element-populated\">\n\t\t\t\t\t\t<div class=\"elementor-element elementor-element-d735d39 elementor-position-top elementor-widget elementor-widget-image-box\" data-id=\"d735d39\" data-element_type=\"widget\" data-e-type=\"widget\" data-widget_type=\"image-box.default\">\n\t\t\t\t<div class=\"elementor-widget-container\">\n\t\t\t\t\t<div class=\"elementor-image-box-wrapper\"><figure class=\"elementor-image-box-img\"><img loading=\"lazy\" decoding=\"async\" width=\"1890\" height=\"1417\" src=\"https:\/\/strom-larsen.no\/engros\/wp-content\/uploads\/Sirkel.jpg-hvit-logo.jpg\" class=\"attachment-full size-full wp-image-17008\" alt=\"\" srcset=\"https:\/\/strom-larsen.no\/engros\/wp-content\/uploads\/Sirkel.jpg-hvit-logo.jpg 1890w, https:\/\/strom-larsen.no\/engros\/wp-content\/uploads\/Sirkel.jpg-hvit-logo-300x225.jpg 300w, https:\/\/strom-larsen.no\/engros\/wp-content\/uploads\/Sirkel.jpg-hvit-logo-960x720.jpg 960w, https:\/\/strom-larsen.no\/engros\/wp-content\/uploads\/Sirkel.jpg-hvit-logo-768x576.jpg 768w, https:\/\/strom-larsen.no\/engros\/wp-content\/uploads\/Sirkel.jpg-hvit-logo-1536x1152.jpg 1536w, https:\/\/strom-larsen.no\/engros\/wp-content\/uploads\/Sirkel.jpg-hvit-logo-800x600.jpg 800w\" sizes=\"(max-width: 1890px) 100vw, 1890px\" \/><\/figure><div class=\"elementor-image-box-content\"><h3 class=\"elementor-image-box-title\">cAMILLA dAWKINs<\/h3><p class=\"elementor-image-box-description\">kVALITETANSVARLIG<\/p><\/div><\/div>\t\t\t\t<\/div>\n\t\t\t\t<\/div>\n\t\t\t\t\t<\/div>\n\t\t<\/div>\n\t\t\t\t<div class=\"elementor-column elementor-col-33 elementor-top-column elementor-element elementor-element-7eeb847\" data-id=\"7eeb847\" data-element_type=\"column\" data-e-type=\"column\">\n\t\t\t<div class=\"elementor-widget-wrap elementor-element-populated\">\n\t\t\t\t\t\t<div class=\"elementor-element elementor-element-079a497 elementor-position-top elementor-widget elementor-widget-image-box\" data-id=\"079a497\" data-element_type=\"widget\" data-e-type=\"widget\" data-widget_type=\"image-box.default\">\n\t\t\t\t<div class=\"elementor-widget-container\">\n\t\t\t\t\t<div class=\"elementor-image-box-wrapper\"><figure class=\"elementor-image-box-img\"><img loading=\"lazy\" decoding=\"async\" width=\"1707\" height=\"2560\" src=\"https:\/\/strom-larsen.no\/engros\/wp-content\/uploads\/Jeanette-Persdottir-Beck-ny-scaled.jpg\" class=\"attachment-full size-full wp-image-17003\" alt=\"\" srcset=\"https:\/\/strom-larsen.no\/engros\/wp-content\/uploads\/Jeanette-Persdottir-Beck-ny-scaled.jpg 1707w, https:\/\/strom-larsen.no\/engros\/wp-content\/uploads\/Jeanette-Persdottir-Beck-ny-200x300.jpg 200w, https:\/\/strom-larsen.no\/engros\/wp-content\/uploads\/Jeanette-Persdottir-Beck-ny-640x960.jpg 640w, https:\/\/strom-larsen.no\/engros\/wp-content\/uploads\/Jeanette-Persdottir-Beck-ny-768x1152.jpg 768w, https:\/\/strom-larsen.no\/engros\/wp-content\/uploads\/Jeanette-Persdottir-Beck-ny-1024x1536.jpg 1024w, https:\/\/strom-larsen.no\/engros\/wp-content\/uploads\/Jeanette-Persdottir-Beck-ny-1365x2048.jpg 1365w, https:\/\/strom-larsen.no\/engros\/wp-content\/uploads\/Jeanette-Persdottir-Beck-ny-300x450.jpg 300w, https:\/\/strom-larsen.no\/engros\/wp-content\/uploads\/Jeanette-Persdottir-Beck-ny-800x1200.jpg 800w\" sizes=\"(max-width: 1707px) 100vw, 1707px\" \/><\/figure><div class=\"elementor-image-box-content\"><h3 class=\"elementor-image-box-title\">Jeanette P. Beck<\/h3><p class=\"elementor-image-box-description\">Ekspedisjonsansvarlig<\/p><\/div><\/div>\t\t\t\t<\/div>\n\t\t\t\t<\/div>\n\t\t\t\t\t<\/div>\n\t\t<\/div>\n\t\t\t\t<div class=\"elementor-column elementor-col-33 elementor-top-column elementor-element elementor-element-2681b99\" data-id=\"2681b99\" data-element_type=\"column\" data-e-type=\"column\">\n\t\t\t<div class=\"elementor-widget-wrap elementor-element-populated\">\n\t\t\t\t\t\t<div class=\"elementor-element elementor-element-ea77d93 elementor-widget elementor-widget-image\" data-id=\"ea77d93\" data-element_type=\"widget\" data-e-type=\"widget\" data-widget_type=\"image.default\">\n\t\t\t\t<div class=\"elementor-widget-container\">\n\t\t\t\t\t\t\t\t\t\t\t\t\t\t\t<img loading=\"lazy\" decoding=\"async\" width=\"640\" height=\"960\" src=\"https:\/\/strom-larsen.no\/engros\/wp-content\/uploads\/Svein-640x960.jpg\" class=\"attachment-large size-large wp-image-17035\" alt=\"\" srcset=\"https:\/\/strom-larsen.no\/engros\/wp-content\/uploads\/Svein-640x960.jpg 640w, https:\/\/strom-larsen.no\/engros\/wp-content\/uploads\/Svein-200x300.jpg 200w, https:\/\/strom-larsen.no\/engros\/wp-content\/uploads\/Svein-768x1152.jpg 768w, https:\/\/strom-larsen.no\/engros\/wp-content\/uploads\/Svein-1024x1536.jpg 1024w, https:\/\/strom-larsen.no\/engros\/wp-content\/uploads\/Svein-1365x2048.jpg 1365w, https:\/\/strom-larsen.no\/engros\/wp-content\/uploads\/Svein-300x450.jpg 300w, https:\/\/strom-larsen.no\/engros\/wp-content\/uploads\/Svein-800x1200.jpg 800w, https:\/\/strom-larsen.no\/engros\/wp-content\/uploads\/Svein-scaled.jpg 1707w\" sizes=\"(max-width: 640px) 100vw, 640px\" \/>\t\t\t\t\t\t\t\t\t\t\t\t\t\t\t<\/div>\n\t\t\t\t<\/div>\n\t\t\t\t<div class=\"elementor-element elementor-element-42ddb6f elementor-widget elementor-widget-text-editor\" data-id=\"42ddb6f\" data-element_type=\"widget\" data-e-type=\"widget\" data-widget_type=\"text-editor.default\">\n\t\t\t\t<div class=\"elementor-widget-container\">\n\t\t\t\t\t\t\t\t\t<p style=\"text-align: center\"><strong>SVEIN H\u00d8GDEN<br \/><\/strong>PRODUKSJONSANSVARLIG<\/p>\t\t\t\t\t\t\t\t<\/div>\n\t\t\t\t<\/div>\n\t\t\t\t\t<\/div>\n\t\t<\/div>\n\t\t\t\t\t<\/div>\n\t\t<\/section>\n\t\t\t\t<section class=\"elementor-section elementor-top-section elementor-element elementor-element-a89bd34 elementor-section-boxed elementor-section-height-default elementor-section-height-default\" data-id=\"a89bd34\" data-element_type=\"section\" data-e-type=\"section\">\n\t\t\t\t\t\t<div class=\"elementor-container elementor-column-gap-default\">\n\t\t\t\t\t<div class=\"elementor-column elementor-col-33 elementor-top-column elementor-element elementor-element-1a172fe\" data-id=\"1a172fe\" data-element_type=\"column\" data-e-type=\"column\">\n\t\t\t<div class=\"elementor-widget-wrap elementor-element-populated\">\n\t\t\t\t\t\t<div class=\"elementor-element elementor-element-fd17a60 elementor-widget elementor-widget-image\" data-id=\"fd17a60\" data-element_type=\"widget\" data-e-type=\"widget\" data-widget_type=\"image.default\">\n\t\t\t\t<div class=\"elementor-widget-container\">\n\t\t\t\t\t\t\t\t\t\t\t\t\t\t\t<img loading=\"lazy\" decoding=\"async\" width=\"960\" height=\"720\" src=\"https:\/\/strom-larsen.no\/engros\/wp-content\/uploads\/Sirkel.jpg-hvit-logo-960x720.jpg\" class=\"attachment-large size-large wp-image-17008\" alt=\"\" srcset=\"https:\/\/strom-larsen.no\/engros\/wp-content\/uploads\/Sirkel.jpg-hvit-logo-960x720.jpg 960w, https:\/\/strom-larsen.no\/engros\/wp-content\/uploads\/Sirkel.jpg-hvit-logo-300x225.jpg 300w, https:\/\/strom-larsen.no\/engros\/wp-content\/uploads\/Sirkel.jpg-hvit-logo-768x576.jpg 768w, https:\/\/strom-larsen.no\/engros\/wp-content\/uploads\/Sirkel.jpg-hvit-logo-1536x1152.jpg 1536w, https:\/\/strom-larsen.no\/engros\/wp-content\/uploads\/Sirkel.jpg-hvit-logo-800x600.jpg 800w, https:\/\/strom-larsen.no\/engros\/wp-content\/uploads\/Sirkel.jpg-hvit-logo.jpg 1890w\" sizes=\"(max-width: 960px) 100vw, 960px\" \/>\t\t\t\t\t\t\t\t\t\t\t\t\t\t\t<\/div>\n\t\t\t\t<\/div>\n\t\t\t\t<div class=\"elementor-element elementor-element-3c70159 elementor-widget elementor-widget-text-editor\" data-id=\"3c70159\" data-element_type=\"widget\" data-e-type=\"widget\" data-widget_type=\"text-editor.default\">\n\t\t\t\t<div class=\"elementor-widget-container\">\n\t\t\t\t\t\t\t\t\t<p style=\"text-align: center\"><strong>JOHAN CHRISTIAN JOHANSEN<\/strong><br \/>SELGER<\/p>\t\t\t\t\t\t\t\t<\/div>\n\t\t\t\t<\/div>\n\t\t\t\t\t<\/div>\n\t\t<\/div>\n\t\t\t\t<div class=\"elementor-column elementor-col-33 elementor-top-column elementor-element elementor-element-48b22fa\" data-id=\"48b22fa\" data-element_type=\"column\" data-e-type=\"column\">\n\t\t\t<div class=\"elementor-widget-wrap elementor-element-populated\">\n\t\t\t\t\t\t<div class=\"elementor-element elementor-element-1c4f2cf elementor-widget elementor-widget-image\" data-id=\"1c4f2cf\" data-element_type=\"widget\" data-e-type=\"widget\" data-widget_type=\"image.default\">\n\t\t\t\t<div class=\"elementor-widget-container\">\n\t\t\t\t\t\t\t\t\t\t\t\t\t\t\t<img loading=\"lazy\" decoding=\"async\" width=\"960\" height=\"720\" src=\"https:\/\/strom-larsen.no\/engros\/wp-content\/uploads\/Sirkel.jpg-hvit-logo-960x720.jpg\" class=\"attachment-large size-large wp-image-17008\" alt=\"\" srcset=\"https:\/\/strom-larsen.no\/engros\/wp-content\/uploads\/Sirkel.jpg-hvit-logo-960x720.jpg 960w, https:\/\/strom-larsen.no\/engros\/wp-content\/uploads\/Sirkel.jpg-hvit-logo-300x225.jpg 300w, https:\/\/strom-larsen.no\/engros\/wp-content\/uploads\/Sirkel.jpg-hvit-logo-768x576.jpg 768w, https:\/\/strom-larsen.no\/engros\/wp-content\/uploads\/Sirkel.jpg-hvit-logo-1536x1152.jpg 1536w, https:\/\/strom-larsen.no\/engros\/wp-content\/uploads\/Sirkel.jpg-hvit-logo-800x600.jpg 800w, https:\/\/strom-larsen.no\/engros\/wp-content\/uploads\/Sirkel.jpg-hvit-logo.jpg 1890w\" sizes=\"(max-width: 960px) 100vw, 960px\" \/>\t\t\t\t\t\t\t\t\t\t\t\t\t\t\t<\/div>\n\t\t\t\t<\/div>\n\t\t\t\t<div class=\"elementor-element elementor-element-52915b2 elementor-widget elementor-widget-text-editor\" data-id=\"52915b2\" data-element_type=\"widget\" data-e-type=\"widget\" data-widget_type=\"text-editor.default\">\n\t\t\t\t<div class=\"elementor-widget-container\">\n\t\t\t\t\t\t\t\t\t<p style=\"text-align: center\"><strong>NIELS H.S. JENSEN<\/strong><br \/>TEKNIKER<\/p>\t\t\t\t\t\t\t\t<\/div>\n\t\t\t\t<\/div>\n\t\t\t\t\t<\/div>\n\t\t<\/div>\n\t\t\t\t<div class=\"elementor-column elementor-col-33 elementor-top-column elementor-element elementor-element-98b91d5\" data-id=\"98b91d5\" data-element_type=\"column\" data-e-type=\"column\">\n\t\t\t<div class=\"elementor-widget-wrap elementor-element-populated\">\n\t\t\t\t\t\t<div class=\"elementor-element elementor-element-b57087a elementor-position-top elementor-widget elementor-widget-image-box\" data-id=\"b57087a\" data-element_type=\"widget\" data-e-type=\"widget\" data-widget_type=\"image-box.default\">\n\t\t\t\t<div class=\"elementor-widget-container\">\n\t\t\t\t\t<div class=\"elementor-image-box-wrapper\"><figure class=\"elementor-image-box-img\"><img loading=\"lazy\" decoding=\"async\" width=\"1890\" height=\"1417\" src=\"https:\/\/strom-larsen.no\/engros\/wp-content\/uploads\/Sirkel.jpg-hvit-logo.jpg\" class=\"attachment-full size-full wp-image-17008\" alt=\"\" srcset=\"https:\/\/strom-larsen.no\/engros\/wp-content\/uploads\/Sirkel.jpg-hvit-logo.jpg 1890w, https:\/\/strom-larsen.no\/engros\/wp-content\/uploads\/Sirkel.jpg-hvit-logo-300x225.jpg 300w, https:\/\/strom-larsen.no\/engros\/wp-content\/uploads\/Sirkel.jpg-hvit-logo-960x720.jpg 960w, https:\/\/strom-larsen.no\/engros\/wp-content\/uploads\/Sirkel.jpg-hvit-logo-768x576.jpg 768w, https:\/\/strom-larsen.no\/engros\/wp-content\/uploads\/Sirkel.jpg-hvit-logo-1536x1152.jpg 1536w, https:\/\/strom-larsen.no\/engros\/wp-content\/uploads\/Sirkel.jpg-hvit-logo-800x600.jpg 800w\" sizes=\"(max-width: 1890px) 100vw, 1890px\" \/><\/figure><div class=\"elementor-image-box-content\"><h3 class=\"elementor-image-box-title\">Per Morten S\u00f8rensen<\/h3><p class=\"elementor-image-box-description\">Regnskapssjef<\/p><\/div><\/div>\t\t\t\t<\/div>\n\t\t\t\t<\/div>\n\t\t\t\t\t<\/div>\n\t\t<\/div>\n\t\t\t\t\t<\/div>\n\t\t<\/section>\n\t\t\t\t<\/div>\n\t\t","protected":false},"excerpt":{"rendered":"<p>Telefonbestilling: 22 09 31 81Epost: salg@strom-larsen.no ERIK STR\u00d8M-LARSENEIER OG SJEF\u00a0 ANDR\u00c8 STR\u00d8M-LARSENDRIFTSSJEF GRO IREN STR\u00d8M-LARSENADMINISTRASJONSANSVARLIG cAMILLA dAWKINs kVALITETANSVARLIG Jeanette P. Beck Ekspedisjonsansvarlig SVEIN H\u00d8GDENPRODUKSJONSANSVARLIG JOHAN CHRISTIAN JOHANSENSELGER NIELS H.S. JENSENTEKNIKER Per Morten S\u00f8rensen Regnskapssjef<\/p>\n","protected":false},"author":1,"featured_media":0,"parent":0,"menu_order":0,"comment_status":"closed","ping_status":"closed","template":"","meta":{"footnotes":""},"class_list":["post-1843","page","type-page","status-publish","hentry"],"blocksy_meta":{"styles_descriptor":{"styles":{"desktop":"","tablet":"","mobile":""},"google_fonts":[],"version":6}},"_links":{"self":[{"href":"https:\/\/strom-larsen.no\/engros\/wp-json\/wp\/v2\/pages\/1843","targetHints":{"allow":["GET"]}}],"collection":[{"href":"https:\/\/strom-larsen.no\/engros\/wp-json\/wp\/v2\/pages"}],"about":[{"href":"https:\/\/strom-larsen.no\/engros\/wp-json\/wp\/v2\/types\/page"}],"author":[{"embeddable":true,"href":"https:\/\/strom-larsen.no\/engros\/wp-json\/wp\/v2\/users\/1"}],"replies":[{"embeddable":true,"href":"https:\/\/strom-larsen.no\/engros\/wp-json\/wp\/v2\/comments?post=1843"}],"version-history":[{"count":34,"href":"https:\/\/strom-larsen.no\/engros\/wp-json\/wp\/v2\/pages\/1843\/revisions"}],"predecessor-version":[{"id":17041,"href":"https:\/\/strom-larsen.no\/engros\/wp-json\/wp\/v2\/pages\/1843\/revisions\/17041"}],"wp:attachment":[{"href":"https:\/\/strom-larsen.no\/engros\/wp-json\/wp\/v2\/media?parent=1843"}],"curies":[{"name":"wp","href":"https:\/\/api.w.org\/{rel}","templated":true}]}}