{"id":16550,"date":"2024-11-18T14:06:22","date_gmt":"2024-11-18T13:06:22","guid":{"rendered":"https:\/\/strom-larsen.no\/engros\/?page_id=16550"},"modified":"2024-11-18T14:10:51","modified_gmt":"2024-11-18T13:10:51","slug":"elementor-16550","status":"publish","type":"page","link":"https:\/\/strom-larsen.no\/engros\/vareutvalg\/elementor-16550\/","title":{"rendered":"Deiger &amp; farser"},"content":{"rendered":"\t\t<div data-elementor-type=\"wp-page\" data-elementor-id=\"16550\" class=\"elementor elementor-16550\" data-elementor-post-type=\"page\">\n\t\t\t\t\t\t<section class=\"elementor-section elementor-top-section elementor-element elementor-element-ec71f68 elementor-section-boxed elementor-section-height-default elementor-section-height-default\" data-id=\"ec71f68\" data-element_type=\"section\" data-e-type=\"section\">\n\t\t\t\t\t\t<div class=\"elementor-container elementor-column-gap-default\">\n\t\t\t\t\t<div class=\"elementor-column elementor-col-100 elementor-top-column elementor-element elementor-element-319f155\" data-id=\"319f155\" data-element_type=\"column\" data-e-type=\"column\">\n\t\t\t<div class=\"elementor-widget-wrap elementor-element-populated\">\n\t\t\t\t\t\t<div class=\"elementor-element elementor-element-104694f elementor-widget elementor-widget-gallery\" data-id=\"104694f\" data-element_type=\"widget\" data-e-type=\"widget\" data-settings=\"{&quot;gallery_layout&quot;:&quot;justified&quot;,&quot;lazyload&quot;:&quot;yes&quot;,&quot;ideal_row_height&quot;:{&quot;unit&quot;:&quot;px&quot;,&quot;size&quot;:200,&quot;sizes&quot;:[]},&quot;ideal_row_height_tablet&quot;:{&quot;unit&quot;:&quot;px&quot;,&quot;size&quot;:150,&quot;sizes&quot;:[]},&quot;ideal_row_height_mobile&quot;:{&quot;unit&quot;:&quot;px&quot;,&quot;size&quot;:150,&quot;sizes&quot;:[]},&quot;gap&quot;:{&quot;unit&quot;:&quot;px&quot;,&quot;size&quot;:10,&quot;sizes&quot;:[]},&quot;gap_tablet&quot;:{&quot;unit&quot;:&quot;px&quot;,&quot;size&quot;:10,&quot;sizes&quot;:[]},&quot;gap_mobile&quot;:{&quot;unit&quot;:&quot;px&quot;,&quot;size&quot;:10,&quot;sizes&quot;:[]},&quot;link_to&quot;:&quot;file&quot;,&quot;overlay_background&quot;:&quot;yes&quot;,&quot;content_hover_animation&quot;:&quot;fade-in&quot;}\" data-widget_type=\"gallery.default\">\n\t\t\t\t<div class=\"elementor-widget-container\">\n\t\t\t\t\t\t\t<div class=\"elementor-gallery__container\">\n\t\t\t\t\t\t\t<a class=\"e-gallery-item elementor-gallery-item elementor-animated-content\" href=\"https:\/\/strom-larsen.no\/engros\/wp-content\/uploads\/Burgerdeig600g.jpg\" data-elementor-open-lightbox=\"yes\" data-elementor-lightbox-slideshow=\"104694f\" data-elementor-lightbox-title=\"Burgerdeig600g\" data-e-action-hash=\"#elementor-action%3Aaction%3Dlightbox%26settings%3DeyJpZCI6MTY2MTksInVybCI6Imh0dHBzOlwvXC9zdHJvbS1sYXJzZW4ubm9cL2VuZ3Jvc1wvd3AtY29udGVudFwvdXBsb2Fkc1wvQnVyZ2VyZGVpZzYwMGcuanBnIiwic2xpZGVzaG93IjoiMTA0Njk0ZiJ9\">\n\t\t\t\t\t<div class=\"e-gallery-image elementor-gallery-item__image\" data-thumbnail=\"https:\/\/strom-larsen.no\/engros\/wp-content\/uploads\/Burgerdeig600g-300x244.jpg\" data-width=\"300\" data-height=\"244\" aria-label=\"\" role=\"img\" ><\/div>\n\t\t\t\t\t\t\t\t\t\t\t<div class=\"elementor-gallery-item__overlay\"><\/div>\n\t\t\t\t\t\t\t\t\t\t\t\t\t\t<\/a>\n\t\t\t\t\t\t\t<a class=\"e-gallery-item elementor-gallery-item elementor-animated-content\" href=\"https:\/\/strom-larsen.no\/engros\/wp-content\/uploads\/kjottdeig-400-g-scaled.jpg\" data-elementor-open-lightbox=\"yes\" data-elementor-lightbox-slideshow=\"104694f\" data-elementor-lightbox-title=\"kj\u00f8ttdeig-400-g\" data-e-action-hash=\"#elementor-action%3Aaction%3Dlightbox%26settings%3DeyJpZCI6MTY2MjEsInVybCI6Imh0dHBzOlwvXC9zdHJvbS1sYXJzZW4ubm9cL2VuZ3Jvc1wvd3AtY29udGVudFwvdXBsb2Fkc1wva2pvdHRkZWlnLTQwMC1nLXNjYWxlZC5qcGciLCJzbGlkZXNob3ciOiIxMDQ2OTRmIn0%3D\">\n\t\t\t\t\t<div class=\"e-gallery-image elementor-gallery-item__image\" data-thumbnail=\"https:\/\/strom-larsen.no\/engros\/wp-content\/uploads\/kjottdeig-400-g-300x200.jpg\" data-width=\"300\" data-height=\"200\" aria-label=\"\" role=\"img\" ><\/div>\n\t\t\t\t\t\t\t\t\t\t\t<div class=\"elementor-gallery-item__overlay\"><\/div>\n\t\t\t\t\t\t\t\t\t\t\t\t\t\t<\/a>\n\t\t\t\t\t\t\t<a class=\"e-gallery-item elementor-gallery-item elementor-animated-content\" href=\"https:\/\/strom-larsen.no\/engros\/wp-content\/uploads\/Karbonadedeig-lavere-kvalit-scaled.jpg\" data-elementor-open-lightbox=\"yes\" data-elementor-lightbox-slideshow=\"104694f\" data-elementor-lightbox-title=\"Karbonadedeig-lavere-kvalit\" data-e-action-hash=\"#elementor-action%3Aaction%3Dlightbox%26settings%3DeyJpZCI6MTY2MjAsInVybCI6Imh0dHBzOlwvXC9zdHJvbS1sYXJzZW4ubm9cL2VuZ3Jvc1wvd3AtY29udGVudFwvdXBsb2Fkc1wvS2FyYm9uYWRlZGVpZy1sYXZlcmUta3ZhbGl0LXNjYWxlZC5qcGciLCJzbGlkZXNob3ciOiIxMDQ2OTRmIn0%3D\">\n\t\t\t\t\t<div class=\"e-gallery-image elementor-gallery-item__image\" data-thumbnail=\"https:\/\/strom-larsen.no\/engros\/wp-content\/uploads\/Karbonadedeig-lavere-kvalit-290x300.jpg\" data-width=\"290\" data-height=\"300\" aria-label=\"\" role=\"img\" ><\/div>\n\t\t\t\t\t\t\t\t\t\t\t<div class=\"elementor-gallery-item__overlay\"><\/div>\n\t\t\t\t\t\t\t\t\t\t\t\t\t\t<\/a>\n\t\t\t\t\t\t\t<a class=\"e-gallery-item elementor-gallery-item elementor-animated-content\" href=\"https:\/\/strom-larsen.no\/engros\/wp-content\/uploads\/Lammedeig-400-g-1-scaled.jpg\" data-elementor-open-lightbox=\"yes\" data-elementor-lightbox-slideshow=\"104694f\" data-elementor-lightbox-title=\"Lammedeig-400-g\" data-e-action-hash=\"#elementor-action%3Aaction%3Dlightbox%26settings%3DeyJpZCI6MTY2MjMsInVybCI6Imh0dHBzOlwvXC9zdHJvbS1sYXJzZW4ubm9cL2VuZ3Jvc1wvd3AtY29udGVudFwvdXBsb2Fkc1wvTGFtbWVkZWlnLTQwMC1nLTEtc2NhbGVkLmpwZyIsInNsaWRlc2hvdyI6IjEwNDY5NGYifQ%3D%3D\">\n\t\t\t\t\t<div class=\"e-gallery-image elementor-gallery-item__image\" data-thumbnail=\"https:\/\/strom-larsen.no\/engros\/wp-content\/uploads\/Lammedeig-400-g-1-300x268.jpg\" data-width=\"300\" data-height=\"268\" aria-label=\"\" role=\"img\" ><\/div>\n\t\t\t\t\t\t\t\t\t\t\t<div class=\"elementor-gallery-item__overlay\"><\/div>\n\t\t\t\t\t\t\t\t\t\t\t\t\t\t<\/a>\n\t\t\t\t\t<\/div>\n\t\t\t\t\t<\/div>\n\t\t\t\t<\/div>\n\t\t\t\t\t<\/div>\n\t\t<\/div>\n\t\t\t\t\t<\/div>\n\t\t<\/section>\n\t\t\t\t<section class=\"elementor-section elementor-top-section elementor-element elementor-element-e0670b4 elementor-section-boxed elementor-section-height-default elementor-section-height-default\" data-id=\"e0670b4\" data-element_type=\"section\" data-e-type=\"section\">\n\t\t\t\t\t\t<div class=\"elementor-container elementor-column-gap-default\">\n\t\t\t\t\t<div class=\"elementor-column elementor-col-100 elementor-top-column elementor-element elementor-element-d05b8c5\" data-id=\"d05b8c5\" data-element_type=\"column\" data-e-type=\"column\">\n\t\t\t<div class=\"elementor-widget-wrap elementor-element-populated\">\n\t\t\t\t\t\t<div class=\"elementor-element elementor-element-731a160 elementor-widget elementor-widget-heading\" data-id=\"731a160\" data-element_type=\"widget\" data-e-type=\"widget\" data-widget_type=\"heading.default\">\n\t\t\t\t<div class=\"elementor-widget-container\">\n\t\t\t\t\t<h2 class=\"elementor-heading-title elementor-size-default\">Deiger og farser<\/h2>\t\t\t\t<\/div>\n\t\t\t\t<\/div>\n\t\t\t\t\t<\/div>\n\t\t<\/div>\n\t\t\t\t\t<\/div>\n\t\t<\/section>\n\t\t\t\t<section class=\"elementor-section elementor-top-section elementor-element elementor-element-af8da06 elementor-section-boxed elementor-section-height-default elementor-section-height-default\" data-id=\"af8da06\" data-element_type=\"section\" data-e-type=\"section\">\n\t\t\t\t\t\t<div class=\"elementor-container elementor-column-gap-default\">\n\t\t\t\t\t<div class=\"elementor-column elementor-col-50 elementor-top-column elementor-element elementor-element-26a38b4\" data-id=\"26a38b4\" data-element_type=\"column\" data-e-type=\"column\">\n\t\t\t<div class=\"elementor-widget-wrap elementor-element-populated\">\n\t\t\t\t\t\t<section class=\"elementor-section elementor-inner-section elementor-element elementor-element-00d9613 elementor-section-boxed elementor-section-height-default elementor-section-height-default\" data-id=\"00d9613\" data-element_type=\"section\" data-e-type=\"section\">\n\t\t\t\t\t\t<div class=\"elementor-container elementor-column-gap-default\">\n\t\t\t\t\t<div class=\"elementor-column elementor-col-100 elementor-inner-column elementor-element elementor-element-909e6e7\" data-id=\"909e6e7\" data-element_type=\"column\" data-e-type=\"column\">\n\t\t\t<div class=\"elementor-widget-wrap elementor-element-populated\">\n\t\t\t\t\t\t<div class=\"elementor-element elementor-element-86768b4 elementor-widget elementor-widget-text-editor\" data-id=\"86768b4\" data-element_type=\"widget\" data-e-type=\"widget\" data-widget_type=\"text-editor.default\">\n\t\t\t\t<div class=\"elementor-widget-container\">\n\t\t\t\t\t\t\t\t\t<p style=\"font-style: normal;font-size: 13px;font-family: -apple-system, BlinkMacSystemFont, 'Segoe UI', Roboto, Helvetica, Arial, sans-serif, 'Apple Color Emoji', 'Segoe UI Emoji', 'Segoe UI Symbol';margin-block-end: var(--theme-content-spacing)\"><b>SPESIALDEIGER<\/b><br \/>Spesialdeiger kan designes etter \u00f8nske, men disse blandingene har 1 dag bestillingstid.<\/p><p style=\"font-style: normal;font-weight: 400;font-size: 13px;font-family: -apple-system, BlinkMacSystemFont, 'Segoe UI', Roboto, Helvetica, Arial, sans-serif, 'Apple Color Emoji', 'Segoe UI Emoji', 'Segoe UI Symbol';margin-block-end: var(--theme-content-spacing)\"><span style=\"font-weight: bold\">Vi har 2 typer spesialblandinger:<\/span><br \/><span style=\"font-family: inherit;font-size: inherit;font-style: inherit;font-weight: inherit;background-color: var(--has-background, var(--theme-palette-color-8));color: var(--theme-text-color);letter-spacing: var(--theme-letter-spacing);text-transform: var(--theme-text-transform)\">Kj\u00f8ttdeig av storfe og svin (1 dag)<br \/><\/span><span style=\"font-family: inherit;font-size: inherit;font-style: inherit;font-weight: inherit;background-color: var(--has-background, var(--theme-palette-color-8));color: var(--theme-text-color);letter-spacing: var(--theme-letter-spacing);text-transform: var(--theme-text-transform)\">Kj\u00f8ttdeig 25% fersk (2 dager<\/span><\/p>\t\t\t\t\t\t\t\t<\/div>\n\t\t\t\t<\/div>\n\t\t\t\t\t<\/div>\n\t\t<\/div>\n\t\t\t\t\t<\/div>\n\t\t<\/section>\n\t\t\t\t\t<\/div>\n\t\t<\/div>\n\t\t\t\t<div class=\"elementor-column elementor-col-50 elementor-top-column elementor-element elementor-element-7e81d04\" data-id=\"7e81d04\" data-element_type=\"column\" data-e-type=\"column\">\n\t\t\t<div class=\"elementor-widget-wrap elementor-element-populated\">\n\t\t\t\t\t\t<div class=\"elementor-element elementor-element-4ecc4f1 elementor-widget__width-initial elementor-widget elementor-widget-text-editor\" data-id=\"4ecc4f1\" data-element_type=\"widget\" data-e-type=\"widget\" data-widget_type=\"text-editor.default\">\n\t\t\t\t<div class=\"elementor-widget-container\">\n\t\t\t\t\t\t\t\t\t<p style=\"text-align: center\">Forpakninger er p\u00e5 3 kg pr pk med mindre annet er spesifisert. Bestilles det 8 kg blir det levert 9 kg<\/p>\t\t\t\t\t\t\t\t<\/div>\n\t\t\t\t<\/div>\n\t\t\t\t<section class=\"elementor-section elementor-inner-section elementor-element elementor-element-0d9eab6 elementor-section-boxed elementor-section-height-default elementor-section-height-default\" data-id=\"0d9eab6\" data-element_type=\"section\" data-e-type=\"section\">\n\t\t\t\t\t\t<div class=\"elementor-container elementor-column-gap-default\">\n\t\t\t\t\t<div class=\"elementor-column elementor-col-50 elementor-inner-column elementor-element elementor-element-8d2d6a9\" data-id=\"8d2d6a9\" data-element_type=\"column\" data-e-type=\"column\">\n\t\t\t<div class=\"elementor-widget-wrap elementor-element-populated\">\n\t\t\t\t\t\t<div class=\"elementor-element elementor-element-e5d9565 elementor-widget elementor-widget-text-editor\" data-id=\"e5d9565\" data-element_type=\"widget\" data-e-type=\"widget\" data-widget_type=\"text-editor.default\">\n\t\t\t\t<div class=\"elementor-widget-container\">\n\t\t\t\t\t\t\t\t\t<table class=\"MsoTableGridLight\" style=\"border: initial none initial\" border=\"1\" cellspacing=\"0\" cellpadding=\"0\">\n<tbody>\n<tr style=\"height: 32.2pt\">\n<td style=\"width: 270.3pt;border-top: none;border-right: none;border-left: none;border-bottom: 1pt solid #bfbfbf;padding: 0cm 5.4pt;height: 32.2pt\" valign=\"top\" width=\"360\">\n<p class=\"MsoNormal\" style=\"margin-bottom: 0cm;line-height: normal\"><b><span style=\"font-size: 28.0pt;font-family: 'Times New Roman',serif\">Storfe<br><\/span><\/b><\/p>\n<\/td>\n<\/tr>\n<tr style=\"height: 32.2pt\">\n<td style=\"width: 270.3pt;border-right: 1pt solid #bfbfbf;border-bottom: 1pt solid #bfbfbf;border-left: 1pt solid #bfbfbf;border-top: none;padding: 0cm 5.4pt;height: 32.2pt\" valign=\"top\" width=\"360\">\n<p class=\"MsoNormal\" style=\"margin-bottom: 0cm;line-height: normal\"><span style=\"font-family: 'Times New Roman',serif\">Kj\u00f8ttdeig 14% <\/span><\/p>\n<\/td>\n<\/tr>\n<tr style=\"height: 32.2pt\">\n<td style=\"width: 270.3pt;border-right: 1pt solid #bfbfbf;border-bottom: 1pt solid #bfbfbf;border-left: 1pt solid #bfbfbf;border-top: none;padding: 0cm 5.4pt;height: 32.2pt\" valign=\"top\" width=\"360\">\n<p class=\"MsoNormal\" style=\"margin-bottom: 0cm;line-height: normal\"><span style=\"font-family: 'Times New Roman',serif\">Kj\u00f8ttdeig 18% <\/span><\/p>\n<\/td>\n<\/tr>\n<tr style=\"height: 32.2pt\">\n<td style=\"width: 270.3pt;border-right: 1pt solid #bfbfbf;border-bottom: 1pt solid #bfbfbf;border-left: 1pt solid #bfbfbf;border-top: none;padding: 0cm 5.4pt;height: 32.2pt\" valign=\"top\" width=\"360\">\n<p class=\"MsoNormal\" style=\"margin-bottom: 0cm;line-height: normal\"><span style=\"font-family: 'Times New Roman',serif\">Kj\u00f8ttdeig 21% <\/span><\/p>\n<\/td>\n<\/tr>\n<tr style=\"height: 32.2pt\">\n<td style=\"width: 270.3pt;border-right: 1pt solid #bfbfbf;border-bottom: 1pt solid #bfbfbf;border-left: 1pt solid #bfbfbf;border-top: none;padding: 0cm 5.4pt;height: 32.2pt\" valign=\"top\" width=\"360\">\n<p class=\"MsoNormal\" style=\"margin-bottom: 0cm;line-height: normal\"><span style=\"font-family: 'Times New Roman',serif\">Kj\u00f8ttdeig av h\u00f8yrygg <\/span><\/p>\n<\/td>\n<\/tr>\n<tr style=\"height: 32.2pt\">\n<td style=\"width: 270.3pt;border-right: 1pt solid #bfbfbf;border-bottom: 1pt solid #bfbfbf;border-left: 1pt solid #bfbfbf;border-top: none;padding: 0cm 5.4pt;height: 32.2pt\" valign=\"top\" width=\"360\">\n<p class=\"MsoNormal\" style=\"margin-bottom: 0cm;line-height: normal\"><span style=\"font-family: 'Times New Roman',serif\">Kj\u00f8ttdeig 14% <b>\u00f8kologisk<\/b> <\/span><\/p>\n<\/td>\n<\/tr>\n<tr style=\"height: 32.2pt\">\n<td style=\"width: 270.3pt;border-right: 1pt solid #bfbfbf;border-bottom: 1pt solid #bfbfbf;border-left: 1pt solid #bfbfbf;border-top: none;padding: 0cm 5.4pt;height: 32.2pt\" valign=\"top\" width=\"360\">\n<p class=\"MsoNormal\" style=\"margin-bottom: 0cm;line-height: normal\"><span style=\"font-family: 'Times New Roman',serif\">Kj\u00f8ttdeig 18% HALAL<\/span><\/p>\n<\/td>\n<\/tr>\n<tr style=\"height: 32.2pt\">\n<td style=\"width: 270.3pt;border-right: 1pt solid #bfbfbf;border-bottom: 1pt solid #bfbfbf;border-left: 1pt solid #bfbfbf;border-top: none;padding: 0cm 5.4pt;height: 32.2pt\" valign=\"top\" width=\"360\">\n<p class=\"MsoNormal\" style=\"margin-bottom: 0cm;line-height: normal\"><span style=\"font-family: 'Times New Roman',serif\">Karbonadedeig 5% <b>\u00f8kologisk<\/b><\/span><\/p>\n<\/td>\n<\/tr>\n<tr style=\"height: 32.2pt\">\n<td style=\"width: 270.3pt;border-right: 1pt solid #bfbfbf;border-bottom: 1pt solid #bfbfbf;border-left: 1pt solid #bfbfbf;border-top: none;padding: 0cm 5.4pt;height: 32.2pt\" valign=\"top\" width=\"360\">\n<p class=\"MsoNormal\" style=\"margin-bottom: 0cm;line-height: normal\"><span style=\"font-family: 'Times New Roman',serif\">Karbonadedeig 5%<\/span><\/p>\n<\/td>\n<\/tr>\n<\/tbody>\n<\/table>\t\t\t\t\t\t\t\t<\/div>\n\t\t\t\t<\/div>\n\t\t\t\t\t<\/div>\n\t\t<\/div>\n\t\t\t\t<div class=\"elementor-column elementor-col-50 elementor-inner-column elementor-element elementor-element-540a890\" data-id=\"540a890\" data-element_type=\"column\" data-e-type=\"column\">\n\t\t\t<div class=\"elementor-widget-wrap elementor-element-populated\">\n\t\t\t\t\t\t<div class=\"elementor-element elementor-element-0945c6f elementor-widget elementor-widget-text-editor\" data-id=\"0945c6f\" data-element_type=\"widget\" data-e-type=\"widget\" data-widget_type=\"text-editor.default\">\n\t\t\t\t<div class=\"elementor-widget-container\">\n\t\t\t\t\t\t\t\t\t<table class=\"MsoTableGridLight\" style=\"border: initial none initial\" border=\"1\" cellspacing=\"0\" cellpadding=\"0\"><tbody><tr style=\"height: 35.45pt\"><td style=\"width: 270.3pt;border-top: none;border-right: none;border-left: none;border-bottom: 1pt solid windowtext;padding: 0cm 5.4pt;height: 35.45pt\" valign=\"top\" width=\"360\"><p class=\"MsoNormal\" style=\"margin-bottom: 0cm;line-height: normal\"><b><span style=\"font-size: 20.0pt;font-family: 'Times New Roman',serif\">Andre deiger<\/span><\/b><\/p><\/td><\/tr><tr style=\"height: 28.15pt\"><td style=\"width: 270.3pt;border-right: 1pt solid #bfbfbf;border-bottom: 1pt solid #bfbfbf;border-left: 1pt solid #bfbfbf;border-top: none;padding: 0cm 5.4pt;height: 28.15pt\" valign=\"top\" width=\"360\"><p class=\"MsoNormal\" style=\"margin-bottom: 0cm;line-height: normal\"><span style=\"font-family: 'Times New Roman',serif\">Medisterdeig 23%<\/span><\/p><\/td><\/tr><tr style=\"height: 28.15pt\"><td style=\"width: 270.3pt;border-right: 1pt solid #bfbfbf;border-bottom: 1pt solid #bfbfbf;border-left: 1pt solid #bfbfbf;border-top: none;padding: 0cm 5.4pt;height: 28.15pt\" valign=\"top\" width=\"360\"><p class=\"MsoNormal\" style=\"margin-bottom: 0cm;line-height: normal\"><span style=\"font-family: 'Times New Roman',serif\">Svin kj\u00f8ttdeig\/Medisterdeig 23% <b>\u00f8kologisk<\/b><\/span><\/p><\/td><\/tr><tr style=\"height: 29.7pt\"><td style=\"width: 270.3pt;border-right: 1pt solid #bfbfbf;border-bottom: 1pt solid #bfbfbf;border-left: 1pt solid #bfbfbf;border-top: none;padding: 0cm 5.4pt;height: 29.7pt\" valign=\"top\" width=\"360\"><p class=\"MsoNormal\" style=\"margin-bottom: 0cm;line-height: normal\"><span style=\"font-family: 'Times New Roman',serif\">Lammedeig 14%<\/span><\/p><\/td><\/tr><tr style=\"height: 28.15pt\"><td style=\"width: 270.3pt;border-right: 1pt solid #bfbfbf;border-bottom: 1pt solid #bfbfbf;border-left: 1pt solid #bfbfbf;border-top: none;padding: 0cm 5.4pt;height: 28.15pt\" valign=\"top\" width=\"360\"><p class=\"MsoNormal\" style=\"margin-bottom: 0cm;line-height: normal\"><span style=\"font-family: 'Times New Roman',serif\">Kylling kj\u00f8ttdeig <b>(fryst, 10 kg)<\/b><\/span><\/p><\/td><\/tr><tr style=\"height: 28.15pt\"><td style=\"width: 270.3pt;border-right: 1pt solid #bfbfbf;border-bottom: 1pt solid #bfbfbf;border-left: 1pt solid #bfbfbf;border-top: none;padding: 0cm 5.4pt;height: 28.15pt\" valign=\"top\" width=\"360\"><p class=\"MsoNormal\" style=\"margin-bottom: 0cm;line-height: normal\"><span style=\"font-family: 'Times New Roman',serif\">Elg karbonadedeig 1-2% <b>(fryst, 1 kg)<\/b><\/span><\/p><\/td><\/tr><tr style=\"height: 26.55pt\"><td style=\"width: 270.3pt;border-right: 1pt solid #bfbfbf;border-bottom: 1pt solid #bfbfbf;border-left: 1pt solid #bfbfbf;border-top: none;padding: 0cm 5.4pt;height: 26.55pt\" valign=\"top\" width=\"360\"><p class=\"MsoNormal\" style=\"margin-bottom: 0cm;line-height: normal\"><span style=\"font-family: 'Times New Roman',serif\">Hjort karbonadedeig 1-2% <b>(fryst, 1 kg)<\/b><\/span><\/p><\/td><\/tr><tr style=\"height: 26.55pt\"><td style=\"width: 270.3pt;border-right: 1pt solid #bfbfbf;border-bottom: 1pt solid #bfbfbf;border-left: 1pt solid #bfbfbf;border-top: none;padding: 0cm 5.4pt;height: 26.55pt\" valign=\"top\" width=\"360\"><p class=\"MsoNormal\" style=\"margin-bottom: 0cm;line-height: normal\"><span style=\"font-family: 'Times New Roman',serif\">Farse, fin (2 dager bestillingstid)<\/span><\/p><\/td><\/tr><tr style=\"height: 26.55pt\"><td style=\"width: 270.3pt;border-right: 1pt solid #bfbfbf;border-bottom: 1pt solid #bfbfbf;border-left: 1pt solid #bfbfbf;border-top: none;padding: 0cm 5.4pt;height: 26.55pt\" valign=\"top\" width=\"360\"><p class=\"MsoNormal\" style=\"margin-bottom: 0cm;line-height: normal\"><span style=\"font-family: 'Times New Roman',serif\">Farse, grov (2 dager bestillingstid)<\/span><\/p><\/td><\/tr><\/tbody><\/table>\t\t\t\t\t\t\t\t<\/div>\n\t\t\t\t<\/div>\n\t\t\t\t\t<\/div>\n\t\t<\/div>\n\t\t\t\t\t<\/div>\n\t\t<\/section>\n\t\t\t\t\t<\/div>\n\t\t<\/div>\n\t\t\t\t\t<\/div>\n\t\t<\/section>\n\t\t\t\t<\/div>\n\t\t","protected":false},"excerpt":{"rendered":"<p>Deiger og farser SPESIALDEIGERSpesialdeiger kan designes etter \u00f8nske, men disse blandingene har 1 dag bestillingstid. Vi har 2 typer spesialblandinger:Kj\u00f8ttdeig av storfe og svin (1 dag)Kj\u00f8ttdeig 25% fersk (2 dager Forpakninger er p\u00e5 3 kg pr pk med mindre annet er spesifisert. Bestilles det 8 kg blir det levert 9 kg Storfe Kj\u00f8ttdeig 14% Kj\u00f8ttdeig [&hellip;]<\/p>\n","protected":false},"author":2,"featured_media":0,"parent":3615,"menu_order":0,"comment_status":"closed","ping_status":"closed","template":"","meta":{"footnotes":""},"class_list":["post-16550","page","type-page","status-publish","hentry"],"blocksy_meta":[],"_links":{"self":[{"href":"https:\/\/strom-larsen.no\/engros\/wp-json\/wp\/v2\/pages\/16550","targetHints":{"allow":["GET"]}}],"collection":[{"href":"https:\/\/strom-larsen.no\/engros\/wp-json\/wp\/v2\/pages"}],"about":[{"href":"https:\/\/strom-larsen.no\/engros\/wp-json\/wp\/v2\/types\/page"}],"author":[{"embeddable":true,"href":"https:\/\/strom-larsen.no\/engros\/wp-json\/wp\/v2\/users\/2"}],"replies":[{"embeddable":true,"href":"https:\/\/strom-larsen.no\/engros\/wp-json\/wp\/v2\/comments?post=16550"}],"version-history":[{"count":9,"href":"https:\/\/strom-larsen.no\/engros\/wp-json\/wp\/v2\/pages\/16550\/revisions"}],"predecessor-version":[{"id":16627,"href":"https:\/\/strom-larsen.no\/engros\/wp-json\/wp\/v2\/pages\/16550\/revisions\/16627"}],"up":[{"embeddable":true,"href":"https:\/\/strom-larsen.no\/engros\/wp-json\/wp\/v2\/pages\/3615"}],"wp:attachment":[{"href":"https:\/\/strom-larsen.no\/engros\/wp-json\/wp\/v2\/media?parent=16550"}],"curies":[{"name":"wp","href":"https:\/\/api.w.org\/{rel}","templated":true}]}}